{"id":8935,"date":"2022-03-14T22:27:16","date_gmt":"2022-03-14T19:27:16","guid":{"rendered":"https:\/\/buyukadayarimaratonu.com\/?page_id=8935"},"modified":"2022-03-14T22:28:10","modified_gmt":"2022-03-14T19:28:10","slug":"2022-sonuclar","status":"publish","type":"page","link":"https:\/\/buyukadayarimaratonu.com\/index.php\/2022-sonuclar\/","title":{"rendered":"2022 Sonu\u00e7lar"},"content":{"rendered":"<p>[vc_row][vc_column width=&#8221;1\/3&#8243;][\/vc_column][vc_column width=&#8221;1\/3&#8243;][vc_btn title=&#8221;Yar\u0131m Ada Turu &#8211; Genel Klasman&#8221; color=&#8221;success&#8221; align=&#8221;center&#8221; i_icon_fontawesome=&#8221;fa fa-file-pdf-o&#8221; button_block=&#8221;true&#8221; add_icon=&#8221;true&#8221; link=&#8221;url:https%3A%2F%2Fbuyukadayarimaratonu.com%2Fwp-content%2Fuploads%2F2022%2F03%2FBUYUKADA_YARIM_ADA_TURU_GENEL_KLASMAN_SIRALAMASI_GUN_TIME.xls||target:%20_blank|&#8221;][vc_btn title=&#8221;Yar\u0131m Ada Turu &#8211; Net S\u00fcre&#8221; color=&#8221;success&#8221; align=&#8221;center&#8221; i_icon_fontawesome=&#8221;fa fa-file-pdf-o&#8221; button_block=&#8221;true&#8221; add_icon=&#8221;true&#8221; link=&#8221;url:https%3A%2F%2Fbuyukadayarimaratonu.com%2Fwp-content%2Fuploads%2F2022%2F03%2FBUYUKADA_YARIM_ADA_TURU_NET_SURE_SIRALAMASI_YAS_GRUPLARININ_SIRALAMASI_ICIN_KULLANILAN.xls||target:%20_blank|&#8221;][vc_btn title=&#8221;Tam Ada Turu &#8211; Genel Klasman&#8221; color=&#8221;success&#8221; align=&#8221;center&#8221; i_icon_fontawesome=&#8221;fa fa-file-pdf-o&#8221; button_block=&#8221;true&#8221; add_icon=&#8221;true&#8221; link=&#8221;url:https%3A%2F%2Fbuyukadayarimaratonu.com%2Fwp-content%2Fuploads%2F2022%2F03%2FBUYUKADA_TAM_ADA_TURU_GENEL_KLASMAN_SIRALAMASI_GUN_TIME.xls||target:%20_blank|&#8221;][vc_btn title=&#8221;Tam Ada Turu &#8211; Net S\u00fcre&#8221; color=&#8221;success&#8221; align=&#8221;center&#8221; i_icon_fontawesome=&#8221;fa fa-file-pdf-o&#8221; button_block=&#8221;true&#8221; add_icon=&#8221;true&#8221; link=&#8221;url:https%3A%2F%2Fbuyukadayarimaratonu.com%2Fwp-content%2Fuploads%2F2022%2F03%2FBUYUKADA_TAM_ADA_TURU_NET_SURE_SIRALAMASI_YAS_GRUPLARININ_SIRALAMASI_ICIN_KULLANILAN.xls||target:%20_blank|&#8221;][vc_btn title=&#8221;\u0130ki Ada Turu &#8211; Genel Klasman&#8221; color=&#8221;success&#8221; align=&#8221;center&#8221; i_icon_fontawesome=&#8221;fa fa-file-pdf-o&#8221; button_block=&#8221;true&#8221; add_icon=&#8221;true&#8221; link=&#8221;url:https%3A%2F%2Fbuyukadayarimaratonu.com%2Fwp-content%2Fuploads%2F2022%2F03%2FBUYUKADA_IKI_ADA_TURU_GENEL_KLASMAN_SIRALAMASI_GUN_TIME.xls||target:%20_blank|&#8221;][vc_btn title=&#8221;\u0130ki Ada Turu &#8211; Net S\u00fcre&#8221; color=&#8221;success&#8221; align=&#8221;center&#8221; i_icon_fontawesome=&#8221;fa fa-file-pdf-o&#8221; button_block=&#8221;true&#8221; add_icon=&#8221;true&#8221; link=&#8221;url:https%3A%2F%2Fbuyukadayarimaratonu.com%2Fwp-content%2Fuploads%2F2022%2F03%2FBUYUKADA_IKI_ADA_TURU_NET_SURE_SIRALAMASI_YAS_GRUPLARININ_SIRALAMASI_ICIN_KULLANILAN.xls||target:%20_blank|&#8221;][vc_btn title=&#8221;Aygaz Etab\u0131 Sonu\u00e7lar\u0131&#8221; color=&#8221;primary&#8221; align=&#8221;center&#8221; i_icon_fontawesome=&#8221;fa fa-file-pdf-o&#8221; button_block=&#8221;true&#8221; add_icon=&#8221;true&#8221; link=&#8221;url:https%3A%2F%2Fbuyukadayarimaratonu.com%2Fwp-content%2Fuploads%2F2022%2F03%2FBUYUKADA_AYGAZ_ETABI_SONUCLARI.xlsx||target:%20_blank|&#8221;][\/vc_column][vc_column width=&#8221;1\/3&#8243;][\/vc_column][\/vc_row]<\/p>\n","protected":false},"excerpt":{"rendered":"<p>[vc_row][vc_column width=&#8221;1\/3&#8243;][\/vc_column][vc_column width=&#8221;1\/3&#8243;][vc_btn title=&#8221;Yar\u0131m Ada Turu &#8211; Genel Klasman&#8221; color=&#8221;success&#8221; align=&#8221;center&#8221; i_icon_fontawesome=&#8221;fa fa-file-pdf-o&#8221; button_block=&#8221;true&#8221; add_icon=&#8221;true&#8221; link=&#8221;url:https%3A%2F%2Fbuyukadayarimaratonu.com%2Fwp-content%2Fuploads%2F2022%2F03%2FBUYUKADA_YARIM_ADA_TURU_GENEL_KLASMAN_SIRALAMASI_GUN_TIME.xls||target:%20_blank|&#8221;][vc_btn title=&#8221;Yar\u0131m Ada Turu &#8211; Net S\u00fcre&#8221; color=&#8221;success&#8221; align=&#8221;center&#8221; i_icon_fontawesome=&#8221;fa fa-file-pdf-o&#8221; button_block=&#8221;true&#8221; add_icon=&#8221;true&#8221; link=&#8221;url:https%3A%2F%2Fbuyukadayarimaratonu.com%2Fwp-content%2Fuploads%2F2022%2F03%2FBUYUKADA_YARIM_ADA_TURU_NET_SURE_SIRALAMASI_YAS_GRUPLARININ_SIRALAMASI_ICIN_KULLANILAN.xls||target:%20_blank|&#8221;][vc_btn title=&#8221;Tam Ada Turu &#8211; Genel Klasman&#8221; color=&#8221;success&#8221; align=&#8221;center&#8221; i_icon_fontawesome=&#8221;fa fa-file-pdf-o&#8221; button_block=&#8221;true&#8221; add_icon=&#8221;true&#8221; link=&#8221;url:https%3A%2F%2Fbuyukadayarimaratonu.com%2Fwp-content%2Fuploads%2F2022%2F03%2FBUYUKADA_TAM_ADA_TURU_GENEL_KLASMAN_SIRALAMASI_GUN_TIME.xls||target:%20_blank|&#8221;][vc_btn title=&#8221;Tam Ada Turu &#8211; Net S\u00fcre&#8221; color=&#8221;success&#8221; align=&#8221;center&#8221; i_icon_fontawesome=&#8221;fa fa-file-pdf-o&#8221; button_block=&#8221;true&#8221; add_icon=&#8221;true&#8221; link=&#8221;url:https%3A%2F%2Fbuyukadayarimaratonu.com%2Fwp-content%2Fuploads%2F2022%2F03%2FBUYUKADA_TAM_ADA_TURU_NET_SURE_SIRALAMASI_YAS_GRUPLARININ_SIRALAMASI_ICIN_KULLANILAN.xls||target:%20_blank|&#8221;][vc_btn [&hellip;]<\/p>\n","protected":false},"author":1,"featured_media":0,"parent":0,"menu_order":0,"comment_status":"closed","ping_status":"closed","template":"","meta":{"ngg_post_thumbnail":0},"_links":{"self":[{"href":"https:\/\/buyukadayarimaratonu.com\/index.php\/wp-json\/wp\/v2\/pages\/8935"}],"collection":[{"href":"https:\/\/buyukadayarimaratonu.com\/index.php\/wp-json\/wp\/v2\/pages"}],"about":[{"href":"https:\/\/buyukadayarimaratonu.com\/index.php\/wp-json\/wp\/v2\/types\/page"}],"author":[{"embeddable":true,"href":"https:\/\/buyukadayarimaratonu.com\/index.php\/wp-json\/wp\/v2\/users\/1"}],"replies":[{"embeddable":true,"href":"https:\/\/buyukadayarimaratonu.com\/index.php\/wp-json\/wp\/v2\/comments?post=8935"}],"version-history":[{"count":5,"href":"https:\/\/buyukadayarimaratonu.com\/index.php\/wp-json\/wp\/v2\/pages\/8935\/revisions"}],"predecessor-version":[{"id":14077,"href":"https:\/\/buyukadayarimaratonu.com\/index.php\/wp-json\/wp\/v2\/pages\/8935\/revisions\/14077"}],"wp:attachment":[{"href":"https:\/\/buyukadayarimaratonu.com\/index.php\/wp-json\/wp\/v2\/media?parent=8935"}],"curies":[{"name":"wp","href":"https:\/\/api.w.org\/{rel}","templated":true}]}}