{"id":68,"date":"2018-10-29T12:09:47","date_gmt":"2018-10-29T09:09:47","guid":{"rendered":"http:\/\/buyukadayarimaratonu.com\/?page_id=68"},"modified":"2025-10-10T01:18:26","modified_gmt":"2025-10-09T22:18:26","slug":"parkur","status":"publish","type":"page","link":"https:\/\/buyukadayarimaratonu.com\/index.php\/parkur\/","title":{"rendered":"Parkur"},"content":{"rendered":"<p>[vc_row][vc_column width=&#8221;1\/4&#8243;][\/vc_column][vc_column width=&#8221;1\/2&#8243; css=&#8221;.vc_custom_1643212603356{background-color: #ffffff !important;}&#8221;][vc_column_text]<\/p>\n<p style=\"text-align: center;\">Yar\u0131\u015f parkuru adan\u0131n yap\u0131s\u0131 gere\u011fi ini\u015f ve \u00e7\u0131k\u0131\u015flar bulundurmaktad\u0131r. T\u00fcm parkur boyunca gerekli olan yerlerde y\u00f6nlendirme hakemleri, \u015feritler ve yerlerde i\u015faretler bulunmaktad\u0131r.<br \/>\nKendi parkurunuzla ilgili i\u015faretleri takip ederek yar\u0131\u015f\u0131 tamamlayabilirsiniz. T\u00fcm parkurlar asfalt zeminden olu\u015fmaktad\u0131r, yol ko\u015fular\u0131na uygun ayakkab\u0131 tercih edilmesi tavsiye edilir.<\/p>\n<p>[\/vc_column_text][vc_empty_space][\/vc_column][vc_column width=&#8221;1\/4&#8243;][\/vc_column][\/vc_row][vc_row][vc_column][vc_empty_space][vc_tta_tabs alignment=&#8221;center&#8221; active_section=&#8221;1&#8243; el_id=&#8221;routestabs&#8221;][vc_tta_section title=&#8221;5 Km&#8221; tab_id=&#8221;beskparkur&#8221;][vc_row_inner content_placement=&#8221;top&#8221;][vc_column_inner width=&#8221;1\/2&#8243;][vc_column_text css=&#8221;.vc_custom_1711967242782{margin-top: 15px !important;margin-bottom: 15px !important;}&#8221;]<\/p>\n<p style=\"text-align: center;\">Parkurun net uzunlu\u011fu 5.0 km\u2019dir. \u0130ni\u015f ve \u00e7\u0131k\u0131\u015flar\u0131n bulundu\u011fu bu rotan\u0131n tamam\u0131 asfalt bir yoldan olu\u015fmaktad\u0131r. Yol yar\u0131\u015flar\u0131nda kulland\u0131\u011f\u0131n\u0131z spor ayakkab\u0131lar tercih edilmesi tavsiye edilir, trail ayakkab\u0131 kullan\u0131lmas\u0131 \u00f6nerilmez.<\/p>\n<p>[\/vc_column_text][\/vc_column_inner][vc_column_inner width=&#8221;1\/2&#8243;][vc_raw_html]JTNDc3R5bGUlM0UuZW1iZWQtY29udGFpbmVyJTIwJTdCJTIwcG9zaXRpb24lM0ElMjByZWxhdGl2ZSUzQiUyMHBhZGRpbmctYm90dG9tJTNBJTIwNTYuMjUlMjUlM0IlMjBoZWlnaHQlM0ElMjAwJTNCJTIwb3ZlcmZsb3clM0ElMjBoaWRkZW4lM0IlMjBtYXgtd2lkdGglM0ElMjAxMDAlMjUlM0IlMjAlN0QlMjAuZW1iZWQtY29udGFpbmVyJTIwaWZyYW1lJTJDJTIwLmVtYmVkLWNvbnRhaW5lciUyMG9iamVjdCUyQyUyMC5lbWJlZC1jb250YWluZXIlMjBlbWJlZCUyMCU3QiUyMHBvc2l0aW9uJTNBJTIwYWJzb2x1dGUlM0IlMjB0b3AlM0ElMjAwJTNCJTIwbGVmdCUzQSUyMDAlM0IlMjB3aWR0aCUzQSUyMDEwMCUyNSUzQiUyMGhlaWdodCUzQSUyMDEwMCUyNSUzQiUyMCU3RCUzQyUyRnN0eWxlJTNFJTNDZGl2JTIwY2xhc3MlM0QlMjdlbWJlZC1jb250YWluZXIlMjclM0UlM0NpZnJhbWUlMjBzcmMlM0QlMjdodHRwcyUzQSUyRiUyRnd3dy55b3V0dWJlLmNvbSUyRmVtYmVkJTJGRXAtODZKSDV4NVklMjclMjBmcmFtZWJvcmRlciUzRCUyNzAlMjclMjBhbGxvd2Z1bGxzY3JlZW4lM0UlM0MlMkZpZnJhbWUlM0UlM0MlMkZkaXYlM0U=[\/vc_raw_html]<a href=\"https:\/\/buyukadayarimaratonu.com\/wp-content\/uploads\/2024\/04\/tehdec2024parkur_5k.jpg\" class=\"sc_button sc_button_round sc_button_style_filled sc_button_size_small aligncenter margin_top_small sc_popup_link\">Grafik<\/a>[\/vc_column_inner][\/vc_row_inner][vc_row_inner][vc_column_inner][vc_empty_space height=&#8221;16px&#8221;][vc_btn title=&#8221;GPX&#8221; color=&#8221;blue&#8221; size=&#8221;sm&#8221; align=&#8221;center&#8221; i_icon_fontawesome=&#8221;fa fa-map-o&#8221; button_block=&#8221;true&#8221; add_icon=&#8221;true&#8221; css=&#8221;.vc_custom_1712420494438{margin-top: 5px !important;}&#8221; link=&#8221;url:%2Fgpx%2Fbuyukadayarimaratonu2024_5k.gpx||target:%20_blank|&#8221;][\/vc_column_inner][\/vc_row_inner][vc_row_inner css=&#8221;.vc_custom_1544618303649{margin-top: 15px !important;margin-bottom: 15px !important;}&#8221;][vc_column_inner][vc_text_separator title=&#8221;Y\u00fckseklik Grafi\u011fi&#8221; title_align=&#8221;separator_align_left&#8221; color=&#8221;chino&#8221; border_width=&#8221;2&#8243; css=&#8221;.vc_custom_1544618737840{margin-bottom: 25px !important;}&#8221;][vc_single_image image=&#8221;14181&#8243; img_size=&#8221;582&#215;279&#8243;][\/vc_column_inner][\/vc_row_inner][\/vc_tta_section][vc_tta_section title=&#8221;10 Km&#8221; tab_id=&#8221;onkparkur&#8221;][vc_row_inner content_placement=&#8221;top&#8221;][vc_column_inner width=&#8221;1\/2&#8243;][vc_column_text css=&#8221;.vc_custom_1711967682645{margin-top: 15px !important;margin-bottom: 15px !important;}&#8221;]<\/p>\n<p style=\"text-align: center;\">Parkurun net uzunlu\u011fu 10.0 km\u2019dir. B\u00f6lgenin co\u011frafi yap\u0131s\u0131 nedeniyle ini\u015f ve \u00e7\u0131k\u0131\u015flar bulunsa da h\u0131z\u0131n \u00f6n planda oldu\u011fu bir yar\u0131\u015f ko\u015fulacakt\u0131r. Parkurun tamam\u0131 asfalt yollardan olu\u015fmaktad\u0131r. Yol yar\u0131\u015flar\u0131nda kulland\u0131\u011f\u0131n\u0131z spor ayakkab\u0131lar tercih edilmesi tavsiye edilir, trail ayakkab\u0131 kullan\u0131lmas\u0131 \u00f6nerilmez.<\/p>\n<p>[\/vc_column_text][\/vc_column_inner][vc_column_inner width=&#8221;1\/2&#8243;][vc_raw_html]JTNDZGl2JTIwY2xhc3MlM0QlMjdlbWJlZC1jb250YWluZXIlMjclM0UlM0NpZnJhbWUlMjBzcmMlM0QlMjdodHRwcyUzQSUyRiUyRnd3dy55b3V0dWJlLmNvbSUyRmVtYmVkJTJGZVJsZTlqRXpNUHMlMjclMjBmcmFtZWJvcmRlciUzRCUyNzAlMjclMjBhbGxvd2Z1bGxzY3JlZW4lM0UlM0MlMkZpZnJhbWUlM0UlM0MlMkZkaXYlM0U=[\/vc_raw_html]<a href=\"https:\/\/buyukadayarimaratonu.com\/wp-content\/uploads\/2024\/04\/tehdec2024parkur_10k.jpg\" class=\"sc_button sc_button_round sc_button_style_filled sc_button_size_small aligncenter margin_top_small sc_popup_link\">Grafik<\/a>[\/vc_column_inner][\/vc_row_inner][vc_row_inner][vc_column_inner][vc_empty_space height=&#8221;16px&#8221;][vc_btn title=&#8221;GPX&#8221; color=&#8221;blue&#8221; size=&#8221;sm&#8221; align=&#8221;center&#8221; i_icon_fontawesome=&#8221;fa fa-map-o&#8221; button_block=&#8221;true&#8221; add_icon=&#8221;true&#8221; css=&#8221;.vc_custom_1712420542353{margin-top: 5px !important;}&#8221; link=&#8221;url:%2Fgpx%2Fbuyukadayarimaratonu2024_10k.gpx||target:%20_blank|&#8221;][\/vc_column_inner][\/vc_row_inner][vc_row_inner css=&#8221;.vc_custom_1544618303649{margin-top: 15px !important;margin-bottom: 15px !important;}&#8221;][vc_column_inner][vc_text_separator title=&#8221;Y\u00fckseklik Grafi\u011fi&#8221; title_align=&#8221;separator_align_left&#8221; color=&#8221;chino&#8221; border_width=&#8221;2&#8243; css=&#8221;.vc_custom_1544618737840{margin-bottom: 25px !important;}&#8221;][vc_single_image image=&#8221;14183&#8243; img_size=&#8221;594&#215;279&#8243;][\/vc_column_inner][\/vc_row_inner][\/vc_tta_section][vc_tta_section title=&#8221;21Km &#8211; Yar\u0131 Maraton&#8221; tab_id=&#8221;yarimaraton&#8221;][vc_row_inner content_placement=&#8221;top&#8221;][vc_column_inner width=&#8221;1\/2&#8243;][vc_column_text css=&#8221;.vc_custom_1711967673509{margin-top: 15px !important;margin-bottom: 15px !important;}&#8221;]<\/p>\n<p style=\"text-align: center;\">Parkurun net uzunlu\u011fu 21,0975 m dir. Bu parkur iki kez ko\u015fulmas\u0131 ile tamamlanacakt\u0131r. Parkurda yar\u0131\u015facak sporculara enerjilerini yar\u0131\u015fman\u0131n tamam\u0131na yaymas\u0131 tavsiye edilir. Yar\u0131\u015fma start\u0131 ilk olarak \u0130ki Ada Turu sporcular\u0131 ile ba\u015flayacak olup ikinci tur d\u00f6n\u00fc\u015f\u00fcnde di\u011fer sporcularla \u00e7ak\u0131\u015fma olmamas\u0131 i\u00e7in start taginin sol taraf\u0131nda ka\u00e7\u0131\u015f koridoru olacakt\u0131r.<\/p>\n<p>[\/vc_column_text][\/vc_column_inner][vc_column_inner width=&#8221;1\/2&#8243;][vc_raw_html]JTNDZGl2JTIwY2xhc3MlM0QlMjdlbWJlZC1jb250YWluZXIlMjclM0UlM0NpZnJhbWUlMjBzcmMlM0QlMjdodHRwcyUzQSUyRiUyRnd3dy55b3V0dWJlLmNvbSUyRmVtYmVkJTJGVDJ6c2k0MUZUZDQlMjclMjBmcmFtZWJvcmRlciUzRCUyNzAlMjclMjBhbGxvd2Z1bGxzY3JlZW4lM0UlM0MlMkZpZnJhbWUlM0UlM0MlMkZkaXYlM0U=[\/vc_raw_html]<a href=\"https:\/\/buyukadayarimaratonu.com\/wp-content\/uploads\/2024\/04\/tehdec2024parkur_21k.jpg\" class=\"sc_button sc_button_round sc_button_style_filled sc_button_size_small aligncenter margin_top_small sc_popup_link\">Grafik<\/a>[\/vc_column_inner][\/vc_row_inner][vc_row_inner][vc_column_inner][vc_empty_space height=&#8221;16px&#8221;][vc_btn title=&#8221;GPX&#8221; color=&#8221;blue&#8221; size=&#8221;sm&#8221; align=&#8221;center&#8221; i_icon_fontawesome=&#8221;fa fa-map-o&#8221; button_block=&#8221;true&#8221; add_icon=&#8221;true&#8221; css=&#8221;.vc_custom_1712420552502{margin-top: 5px !important;}&#8221; link=&#8221;url:%2Fgpx%2Fbuyukadayarimaratonu2024_21k.gpx||target:%20_blank|&#8221;][\/vc_column_inner][\/vc_row_inner][vc_row_inner css=&#8221;.vc_custom_1544618303649{margin-top: 15px !important;margin-bottom: 15px !important;}&#8221;][vc_column_inner][vc_text_separator title=&#8221;Y\u00fckseklik Grafi\u011fi&#8221; title_align=&#8221;separator_align_left&#8221; color=&#8221;chino&#8221; border_width=&#8221;2&#8243; css=&#8221;.vc_custom_1544618737840{margin-bottom: 25px !important;}&#8221;][vc_single_image image=&#8221;14185&#8243; img_size=&#8221;full&#8221;][\/vc_column_inner][\/vc_row_inner][vc_row_inner css=&#8221;.vc_custom_1544618303649{margin-top: 15px !important;margin-bottom: 15px !important;}&#8221;][vc_column_inner][vc_text_separator title=&#8221;Sertifika&#8221; title_align=&#8221;separator_align_left&#8221; color=&#8221;chino&#8221; border_width=&#8221;2&#8243; css=&#8221;.vc_custom_1711967625031{margin-bottom: 25px !important;}&#8221;][vc_single_image image=&#8221;10687&#8243; img_size=&#8221;full&#8221;][\/vc_column_inner][\/vc_row_inner][\/vc_tta_section][\/vc_tta_tabs][\/vc_column][\/vc_row]<\/p>\n","protected":false},"excerpt":{"rendered":"<p>[vc_row][vc_column width=&#8221;1\/4&#8243;][\/vc_column][vc_column width=&#8221;1\/2&#8243; css=&#8221;.vc_custom_1643212603356{background-color: #ffffff !important;}&#8221;][vc_column_text] Yar\u0131\u015f parkuru adan\u0131n yap\u0131s\u0131 gere\u011fi ini\u015f ve \u00e7\u0131k\u0131\u015flar bulundurmaktad\u0131r. T\u00fcm parkur boyunca gerekli olan yerlerde y\u00f6nlendirme hakemleri, \u015feritler ve yerlerde i\u015faretler bulunmaktad\u0131r. Kendi parkurunuzla ilgili i\u015faretleri takip ederek yar\u0131\u015f\u0131 tamamlayabilirsiniz. T\u00fcm parkurlar asfalt zeminden olu\u015fmaktad\u0131r, yol ko\u015fular\u0131na uygun ayakkab\u0131 tercih edilmesi tavsiye edilir. [\/vc_column_text][vc_empty_space][\/vc_column][vc_column width=&#8221;1\/4&#8243;][\/vc_column][\/vc_row][vc_row][vc_column][vc_empty_space][vc_tta_tabs alignment=&#8221;center&#8221; active_section=&#8221;1&#8243; el_id=&#8221;routestabs&#8221;][vc_tta_section title=&#8221;5 [&hellip;]<\/p>\n","protected":false},"author":1,"featured_media":0,"parent":0,"menu_order":0,"comment_status":"closed","ping_status":"closed","template":"","meta":{"ngg_post_thumbnail":0},"_links":{"self":[{"href":"https:\/\/buyukadayarimaratonu.com\/index.php\/wp-json\/wp\/v2\/pages\/68"}],"collection":[{"href":"https:\/\/buyukadayarimaratonu.com\/index.php\/wp-json\/wp\/v2\/pages"}],"about":[{"href":"https:\/\/buyukadayarimaratonu.com\/index.php\/wp-json\/wp\/v2\/types\/page"}],"author":[{"embeddable":true,"href":"https:\/\/buyukadayarimaratonu.com\/index.php\/wp-json\/wp\/v2\/users\/1"}],"replies":[{"embeddable":true,"href":"https:\/\/buyukadayarimaratonu.com\/index.php\/wp-json\/wp\/v2\/comments?post=68"}],"version-history":[{"count":19,"href":"https:\/\/buyukadayarimaratonu.com\/index.php\/wp-json\/wp\/v2\/pages\/68\/revisions"}],"predecessor-version":[{"id":17847,"href":"https:\/\/buyukadayarimaratonu.com\/index.php\/wp-json\/wp\/v2\/pages\/68\/revisions\/17847"}],"wp:attachment":[{"href":"https:\/\/buyukadayarimaratonu.com\/index.php\/wp-json\/wp\/v2\/media?parent=68"}],"curies":[{"name":"wp","href":"https:\/\/api.w.org\/{rel}","templated":true}]}}