{"id":5731,"date":"2021-07-12T10:53:05","date_gmt":"2021-07-12T07:53:05","guid":{"rendered":"https:\/\/buyukadayarimaratonu.com\/?page_id=5731"},"modified":"2022-03-14T22:09:08","modified_gmt":"2022-03-14T19:09:08","slug":"2021-sonuclar","status":"publish","type":"page","link":"https:\/\/buyukadayarimaratonu.com\/index.php\/2021-sonuclar\/","title":{"rendered":"2021 Sonu\u00e7lar"},"content":{"rendered":"<p>[vc_row][vc_column width=&#8221;1\/3&#8243;][\/vc_column][vc_column width=&#8221;1\/3&#8243;][vc_btn title=&#8221;5K 10K 21K \/ Kesin Sonu\u00e7lar&#8221; color=&#8221;success&#8221; align=&#8221;center&#8221; i_icon_fontawesome=&#8221;fa fa-file-pdf-o&#8221; button_block=&#8221;true&#8221; add_icon=&#8221;true&#8221; link=&#8221;url:https%3A%2F%2Fmerbespor.com%2Fresults%2FG-Live%2Fg-live.html%3Ff%3D..%2Fbuyukada2021%2FBuyukada_Gece_Kosusu.clax||target:%20_blank|&#8221;][vc_btn title=&#8221;P\u00fcrsu Etab\u0131 Sonu\u00e7lar\u0131&#8221; color=&#8221;primary&#8221; align=&#8221;center&#8221; i_icon_fontawesome=&#8221;fa fa-file-pdf-o&#8221; button_block=&#8221;true&#8221; add_icon=&#8221;true&#8221; link=&#8221;url:https%3A%2F%2Fbuyukadayarimaratonu.com%2Fwp-content%2Fuploads%2F2021%2F07%2FBuyukada-Kosusu-Pursu-Etabi.pdf||target:%20_blank|&#8221;][vc_column_text]<\/p>\n<div data-removefontsize=\"true\" data-originalcomputedfontsize=\"16\">*\u00d6d\u00fcl kazanan sporcular ile ileti\u015fime ge\u00e7ilip \u00f6d\u00fclleri iletilecektir.<\/div>\n<p>[\/vc_column_text][\/vc_column][vc_column width=&#8221;1\/3&#8243;][\/vc_column][\/vc_row]<\/p>\n","protected":false},"excerpt":{"rendered":"<p>[vc_row][vc_column width=&#8221;1\/3&#8243;][\/vc_column][vc_column width=&#8221;1\/3&#8243;][vc_btn title=&#8221;5K 10K 21K \/ Kesin Sonu\u00e7lar&#8221; color=&#8221;success&#8221; align=&#8221;center&#8221; i_icon_fontawesome=&#8221;fa fa-file-pdf-o&#8221; button_block=&#8221;true&#8221; add_icon=&#8221;true&#8221; link=&#8221;url:https%3A%2F%2Fmerbespor.com%2Fresults%2FG-Live%2Fg-live.html%3Ff%3D..%2Fbuyukada2021%2FBuyukada_Gece_Kosusu.clax||target:%20_blank|&#8221;][vc_btn title=&#8221;P\u00fcrsu Etab\u0131 Sonu\u00e7lar\u0131&#8221; color=&#8221;primary&#8221; align=&#8221;center&#8221; i_icon_fontawesome=&#8221;fa fa-file-pdf-o&#8221; button_block=&#8221;true&#8221; add_icon=&#8221;true&#8221; link=&#8221;url:https%3A%2F%2Fbuyukadayarimaratonu.com%2Fwp-content%2Fuploads%2F2021%2F07%2FBuyukada-Kosusu-Pursu-Etabi.pdf||target:%20_blank|&#8221;][vc_column_text] *\u00d6d\u00fcl kazanan sporcular ile ileti\u015fime ge\u00e7ilip \u00f6d\u00fclleri iletilecektir. [\/vc_column_text][\/vc_column][vc_column width=&#8221;1\/3&#8243;][\/vc_column][\/vc_row]<\/p>\n","protected":false},"author":1,"featured_media":0,"parent":0,"menu_order":0,"comment_status":"closed","ping_status":"closed","template":"","meta":{"ngg_post_thumbnail":0},"_links":{"self":[{"href":"https:\/\/buyukadayarimaratonu.com\/index.php\/wp-json\/wp\/v2\/pages\/5731"}],"collection":[{"href":"https:\/\/buyukadayarimaratonu.com\/index.php\/wp-json\/wp\/v2\/pages"}],"about":[{"href":"https:\/\/buyukadayarimaratonu.com\/index.php\/wp-json\/wp\/v2\/types\/page"}],"author":[{"embeddable":true,"href":"https:\/\/buyukadayarimaratonu.com\/index.php\/wp-json\/wp\/v2\/users\/1"}],"replies":[{"embeddable":true,"href":"https:\/\/buyukadayarimaratonu.com\/index.php\/wp-json\/wp\/v2\/comments?post=5731"}],"version-history":[{"count":7,"href":"https:\/\/buyukadayarimaratonu.com\/index.php\/wp-json\/wp\/v2\/pages\/5731\/revisions"}],"predecessor-version":[{"id":8934,"href":"https:\/\/buyukadayarimaratonu.com\/index.php\/wp-json\/wp\/v2\/pages\/5731\/revisions\/8934"}],"wp:attachment":[{"href":"https:\/\/buyukadayarimaratonu.com\/index.php\/wp-json\/wp\/v2\/media?parent=5731"}],"curies":[{"name":"wp","href":"https:\/\/api.w.org\/{rel}","templated":true}]}}