{"id":5524,"date":"2020-02-19T21:03:11","date_gmt":"2020-02-19T18:03:11","guid":{"rendered":"https:\/\/buyukadayarimaratonu.com\/?page_id=5524"},"modified":"2026-02-09T14:46:12","modified_gmt":"2026-02-09T11:46:12","slug":"gonullu-ol","status":"publish","type":"page","link":"https:\/\/buyukadayarimaratonu.com\/index.php\/gonullu-ol\/","title":{"rendered":"G\u00f6n\u00fcll\u00fc Ol"},"content":{"rendered":"<p>[vc_row][vc_column][vc_column_text css=&#8221;.vc_custom_1770637566314{padding-bottom: 40px !important;}&#8221;]<\/p>\n<h4 style=\"text-align: center;\"><strong>DECATHLON B\u00dcY\u00dcKADA YARI MARATONU 2026 G\u00d6N\u00dcLL\u00dc PROGRAMI<\/strong><\/h4>\n<p>&nbsp;<\/p>\n<p style=\"text-align: center;\">18 Ya\u015f\u0131ndan k\u00fc\u00e7\u00fckler programa kat\u0131lamazlar.&nbsp;Formu dolduran uygun adaylar ile ileti\u015fime ge\u00e7ilerek bilgi verilecektir. Kabul edilen adaylar Whatsapp ve SMS gruplar\u0131 ile ileti\u015fim sa\u011flanacakt\u0131r.<\/p>\n<p>[\/vc_column_text]<div role=\"form\" class=\"wpcf7\" id=\"wpcf7-f5523-o1\" lang=\"tr-TR\" dir=\"ltr\">\n<div class=\"screen-reader-response\"><\/div>\n<form action=\"\/index.php\/wp-json\/wp\/v2\/pages\/5524#wpcf7-f5523-o1\" method=\"post\" class=\"wpcf7-form\" novalidate=\"novalidate\">\n<div style=\"display: none;\">\n<input type=\"hidden\" name=\"_wpcf7\" value=\"5523\" \/>\n<input type=\"hidden\" name=\"_wpcf7_version\" value=\"5.1.4\" \/>\n<input type=\"hidden\" name=\"_wpcf7_locale\" value=\"tr_TR\" \/>\n<input type=\"hidden\" name=\"_wpcf7_unit_tag\" value=\"wpcf7-f5523-o1\" \/>\n<input type=\"hidden\" name=\"_wpcf7_container_post\" value=\"0\" \/>\n<\/div>\n<div class=\"container\">\n<div class=\"form-inner-container\">\n<div class=\"form-left\">\n        \t<label>\u0130sim - Soyisim<\/label><br \/>\n           <span class=\"wpcf7-form-control-wrap ad-soyad\"><input type=\"text\" name=\"ad-soyad\" value=\"\" size=\"40\" class=\"wpcf7-form-control wpcf7-text wpcf7-validates-as-required\" aria-required=\"true\" aria-invalid=\"false\" \/><\/span>\n        <\/div>\n<div class=\"form-right\">\n        \t<label>E-Mail Adresiniz<\/label><br \/>\n            <span class=\"wpcf7-form-control-wrap email-adresi\"><input type=\"email\" name=\"email-adresi\" value=\"\" size=\"40\" class=\"wpcf7-form-control wpcf7-text wpcf7-email wpcf7-validates-as-required wpcf7-validates-as-email\" aria-required=\"true\" aria-invalid=\"false\" \/><\/span>\n        <\/div><\/div>\n<div class=\"form-inner-container\">\n<div class=\"form-left\">\n        \t<label>Telefon Numaras\u0131<\/label><br \/>\n            <span class=\"wpcf7-form-control-wrap telefon\"><input type=\"text\" name=\"telefon\" value=\"\" size=\"40\" class=\"wpcf7-form-control wpcf7-text wpcf7-validates-as-required\" aria-required=\"true\" aria-invalid=\"false\" \/><\/span>\n        <\/div>\n<div class=\"form-right\">\n        \t<label>Cinsiyet<\/label><br \/>\n            <span class=\"wpcf7-form-control-wrap cinsiyet\"><select name=\"cinsiyet\" class=\"wpcf7-form-control wpcf7-select wpcf7-validates-as-required\" aria-required=\"true\" aria-invalid=\"false\"><option value=\"\">---<\/option><option value=\"Erkek\">Erkek<\/option><option value=\"Kad\u0131n\">Kad\u0131n<\/option><\/select><\/span>\n        <\/div><\/div>\n<div class=\"form-inner-container\">\n<div class=\"form-left\">\n        \t<label>Do\u011fum Tarihi<\/label><br \/>\n            <span class=\"wpcf7-form-control-wrap dogum-tarihi\"><input type=\"date\" name=\"dogum-tarihi\" value=\"\" class=\"wpcf7-form-control wpcf7-date wpcf7-validates-as-required wpcf7-validates-as-date\" aria-required=\"true\" aria-invalid=\"false\" \/><\/span>\n        <\/div>\n<div class=\"form-right\">\n        \t<label>Okudu\u011fu ya da Mezun Oldu\u011fu Okul<\/label><br \/>\n            <span class=\"wpcf7-form-control-wrap okul\"><input type=\"text\" name=\"okul\" value=\"\" size=\"40\" class=\"wpcf7-form-control wpcf7-text wpcf7-validates-as-required\" aria-required=\"true\" aria-invalid=\"false\" \/><\/span>\n        <\/div><\/div>\n<div class=\"form-inner-container\">\n<div class=\"form-left\">\n        \t<label>G\u00f6rev Almak \u0130stedi\u011finiz Alan<\/label><br \/>\n            <span class=\"wpcf7-form-control-wrap gorev-istenen-alan\"><select name=\"gorev-istenen-alan\" class=\"wpcf7-form-control wpcf7-select wpcf7-validates-as-required\" aria-required=\"true\" aria-invalid=\"false\"><option value=\"\">---<\/option><option value=\"Parkur G\u00f6n\u00fcll\u00fcs\u00fc\">Parkur G\u00f6n\u00fcll\u00fcs\u00fc<\/option><option value=\"Etkinlik Meydan\u0131 G\u00f6n\u00fcll\u00fcs\u00fc\">Etkinlik Meydan\u0131 G\u00f6n\u00fcll\u00fcs\u00fc<\/option><option value=\"\u0130leti\u015fim G\u00f6n\u00fcll\u00fcs\u00fc\">\u0130leti\u015fim G\u00f6n\u00fcll\u00fcs\u00fc<\/option><option value=\"G\u00f6n\u00fcll\u00fc Foto\u011fraf\u00e7\u0131\">G\u00f6n\u00fcll\u00fc Foto\u011fraf\u00e7\u0131<\/option><option value=\"Kit Da\u011f\u0131t\u0131m Operasyon G\u00f6n\u00fcll\u00fcs\u00fc\">Kit Da\u011f\u0131t\u0131m Operasyon G\u00f6n\u00fcll\u00fcs\u00fc<\/option><\/select><\/span>\n        <\/div>\n<div class=\"form-right\">\n        \t<label>Daha \u00f6nce sportif etkinliklere g\u00f6n\u00fcll\u00fc olarak kat\u0131ld\u0131n\u0131z m\u0131?<\/label><br \/>\n            <span class=\"wpcf7-form-control-wrap daha-once-gonullu\"><select name=\"daha-once-gonullu\" class=\"wpcf7-form-control wpcf7-select wpcf7-validates-as-required\" aria-required=\"true\" aria-invalid=\"false\"><option value=\"\">---<\/option><option value=\"Evet\">Evet<\/option><option value=\"Hay\u0131r\">Hay\u0131r<\/option><\/select><\/span>\n        <\/div><\/div>\n<div class=\"form-inner-container\">\n<div class=\"form-left\">\n        \t<label>Kat\u0131ld\u0131\u011f\u0131n\u0131z sportif etkinlikleri yaz\u0131n\u0131z<\/label><br \/>\n            <span class=\"wpcf7-form-control-wrap katildigi-sportif-etkinlikler\"><input type=\"text\" name=\"katildigi-sportif-etkinlikler\" value=\"\" size=\"40\" class=\"wpcf7-form-control wpcf7-text wpcf7-validates-as-required\" aria-required=\"true\" aria-invalid=\"false\" \/><\/span>\n        <\/div>\n<div class=\"form-right\">\n                <label>T-Shirt Bedeni<\/label><br \/>\n           <span class=\"wpcf7-form-control-wrap t-shirt\"><select name=\"t-shirt\" class=\"wpcf7-form-control wpcf7-select wpcf7-validates-as-required\" aria-required=\"true\" aria-invalid=\"false\"><option value=\"\">---<\/option><option value=\"S\">S<\/option><option value=\"M\">M<\/option><option value=\"L\">L<\/option><option value=\"XL\">XL<\/option><\/select><\/span>\n        <\/div><\/div>\n<div style=\"clear:both;\"><\/div>\n<div class=\"form-inner-container\">\n<div class=\"form-left\">\n        \t<span class=\"wpcf7-form-control-wrap kvkk-onay\"><span class=\"wpcf7-form-control wpcf7-acceptance\"><span class=\"wpcf7-list-item\"><label><input type=\"checkbox\" name=\"kvkk-onay\" value=\"1\" aria-invalid=\"false\" \/><span class=\"wpcf7-list-item-label\"><a href=\"https:\/\/buyukadayarimaratonu.com\/index.php\/gonullu-formu-kvkk-aydinlatma-metni\/\" target=\"_blank\">Ki\u015fisel Verilerin Korunmas\u0131 Kanunu Kapsam\u0131nda Ayd\u0131nlatma Metni<\/a>'ni okudum ve onayl\u0131yorum.<\/span><\/label><\/span><\/span><\/span>\n        <\/div>\n<div class=\"form-right form-submit\">\n           <input type=\"submit\" value=\"G\u00f6nder\" class=\"wpcf7-form-control wpcf7-submit\" \/>\n        <\/div><\/div>\n<\/div>\n<div class=\"wpcf7-response-output wpcf7-display-none\"><\/div><\/form><\/div>[\/vc_column][\/vc_row]<\/p>\n","protected":false},"excerpt":{"rendered":"<p>[vc_row][vc_column][vc_column_text css=&#8221;.vc_custom_1770637566314{padding-bottom: 40px !important;}&#8221;] DECATHLON B\u00dcY\u00dcKADA YARI MARATONU 2026 G\u00d6N\u00dcLL\u00dc PROGRAMI &nbsp; 18 Ya\u015f\u0131ndan k\u00fc\u00e7\u00fckler programa kat\u0131lamazlar.&nbsp;Formu dolduran uygun adaylar ile ileti\u015fime ge\u00e7ilerek bilgi verilecektir. Kabul edilen adaylar Whatsapp ve SMS gruplar\u0131 ile ileti\u015fim sa\u011flanacakt\u0131r. [\/vc_column_text][\/vc_column][\/vc_row]<\/p>\n","protected":false},"author":1,"featured_media":0,"parent":0,"menu_order":0,"comment_status":"closed","ping_status":"closed","template":"","meta":{"ngg_post_thumbnail":0},"_links":{"self":[{"href":"https:\/\/buyukadayarimaratonu.com\/index.php\/wp-json\/wp\/v2\/pages\/5524"}],"collection":[{"href":"https:\/\/buyukadayarimaratonu.com\/index.php\/wp-json\/wp\/v2\/pages"}],"about":[{"href":"https:\/\/buyukadayarimaratonu.com\/index.php\/wp-json\/wp\/v2\/types\/page"}],"author":[{"embeddable":true,"href":"https:\/\/buyukadayarimaratonu.com\/index.php\/wp-json\/wp\/v2\/users\/1"}],"replies":[{"embeddable":true,"href":"https:\/\/buyukadayarimaratonu.com\/index.php\/wp-json\/wp\/v2\/comments?post=5524"}],"version-history":[{"count":15,"href":"https:\/\/buyukadayarimaratonu.com\/index.php\/wp-json\/wp\/v2\/pages\/5524\/revisions"}],"predecessor-version":[{"id":22889,"href":"https:\/\/buyukadayarimaratonu.com\/index.php\/wp-json\/wp\/v2\/pages\/5524\/revisions\/22889"}],"wp:attachment":[{"href":"https:\/\/buyukadayarimaratonu.com\/index.php\/wp-json\/wp\/v2\/media?parent=5524"}],"curies":[{"name":"wp","href":"https:\/\/api.w.org\/{rel}","templated":true}]}}