{"id":501,"date":"2019-03-09T22:45:12","date_gmt":"2019-03-09T19:45:12","guid":{"rendered":"http:\/\/buyukadayarimaratonu.com\/?page_id=501"},"modified":"2021-07-12T10:50:43","modified_gmt":"2021-07-12T07:50:43","slug":"2019-sonuclar","status":"publish","type":"page","link":"https:\/\/buyukadayarimaratonu.com\/index.php\/2019-sonuclar\/","title":{"rendered":"2019 Sonu\u00e7lar"},"content":{"rendered":"<p>[vc_row][vc_column width=&#8221;1\/3&#8243;][\/vc_column][vc_column width=&#8221;1\/3&#8243;][vc_btn title=&#8221;5K \/ Genel Klasman &#8211; Sonu\u00e7lar&#8221; color=&#8221;primary&#8221; align=&#8221;center&#8221; i_icon_fontawesome=&#8221;fa fa-file-pdf-o&#8221; button_block=&#8221;true&#8221; add_icon=&#8221;true&#8221; link=&#8221;url:http%3A%2F%2Fbuyukadayarimaratonu.com%2Fwp-content%2Fuploads%2F2019%2F03%2F5kgenel_bk19.pdf||target:%20_blank|&#8221;][vc_btn title=&#8221;5K \/ Ya\u015f Kategorileri &#8211; Sonu\u00e7lar&#8221; color=&#8221;primary&#8221; align=&#8221;center&#8221; i_icon_fontawesome=&#8221;fa fa-file-pdf-o&#8221; button_block=&#8221;true&#8221; add_icon=&#8221;true&#8221; link=&#8221;url:http%3A%2F%2Fbuyukadayarimaratonu.com%2Fwp-content%2Fuploads%2F2019%2F03%2F5kyas_bk19.pdf||target:%20_blank|&#8221;][vc_btn title=&#8221;10K \/ Genel Klasman &#8211; Sonu\u00e7lar&#8221; color=&#8221;success&#8221; align=&#8221;center&#8221; i_icon_fontawesome=&#8221;fa fa-file-pdf-o&#8221; button_block=&#8221;true&#8221; add_icon=&#8221;true&#8221; link=&#8221;url:http%3A%2F%2Fbuyukadayarimaratonu.com%2Fwp-content%2Fuploads%2F2019%2F03%2F10kgenel_bk19.pdf||target:%20_blank|&#8221;][vc_btn title=&#8221;10K \/ Ya\u015f Kategorileri &#8211; Sonu\u00e7lar&#8221; color=&#8221;success&#8221; align=&#8221;center&#8221; i_icon_fontawesome=&#8221;fa fa-file-pdf-o&#8221; button_block=&#8221;true&#8221; add_icon=&#8221;true&#8221; link=&#8221;url:http%3A%2F%2Fbuyukadayarimaratonu.com%2Fwp-content%2Fuploads%2F2019%2F03%2F10kyas_bk19.pdf||target:%20_blank|&#8221;][vc_btn title=&#8221;21K \/ Genel Klasman &#8211; Sonu\u00e7lar&#8221; color=&#8221;info&#8221; align=&#8221;center&#8221; i_icon_fontawesome=&#8221;fa fa-file-pdf-o&#8221; button_block=&#8221;true&#8221; add_icon=&#8221;true&#8221; link=&#8221;url:http%3A%2F%2Fracetiming.com.tr%2Fwp-content%2Fuploads%2F2019%2F03%2F21Kgenelklasmanbuyukada.pdf||target:%20_blank|&#8221;][vc_btn title=&#8221;21K \/ Ya\u015f Kategorileri &#8211; Sonu\u00e7lar&#8221; color=&#8221;info&#8221; align=&#8221;center&#8221; i_icon_fontawesome=&#8221;fa fa-file-pdf-o&#8221; button_block=&#8221;true&#8221; add_icon=&#8221;true&#8221; link=&#8221;url:http%3A%2F%2Fracetiming.com.tr%2Fwp-content%2Fuploads%2F2019%2F03%2F21Kyaskategorileribuyukada1203.pdf||target:%20_blank|&#8221;][vc_btn title=&#8221;Tak\u0131m Maratonu \/ G\u00fcne\u015f &#8211; Sonu\u00e7lar&#8221; color=&#8221;warning&#8221; align=&#8221;center&#8221; i_icon_fontawesome=&#8221;fa fa-file-pdf-o&#8221; button_block=&#8221;true&#8221; add_icon=&#8221;true&#8221; link=&#8221;url:http%3A%2F%2Fbuyukadayarimaratonu.com%2Fwp-content%2Fuploads%2F2019%2F03%2Ftakimmaratonugunes_bk19.pdf||target:%20_blank|&#8221;][vc_btn title=&#8221;Tak\u0131m Maratonu \/ R\u00fczgar &#8211; Sonu\u00e7lar&#8221; color=&#8221;warning&#8221; align=&#8221;center&#8221; i_icon_fontawesome=&#8221;fa fa-file-pdf-o&#8221; button_block=&#8221;true&#8221; add_icon=&#8221;true&#8221; link=&#8221;url:http%3A%2F%2Fbuyukadayarimaratonu.com%2Fwp-content%2Fuploads%2F2019%2F03%2Ftakimmaratonuruzgar_bk19.pdf||target:%20_blank|&#8221;][vc_btn title=&#8221;Tak\u0131m Maratonu \/ Toprak &#8211; Sonu\u00e7lar&#8221; color=&#8221;warning&#8221; align=&#8221;center&#8221; i_icon_fontawesome=&#8221;fa fa-file-pdf-o&#8221; button_block=&#8221;true&#8221; add_icon=&#8221;true&#8221; link=&#8221;url:http%3A%2F%2Fbuyukadayarimaratonu.com%2Fwp-content%2Fuploads%2F2019%2F03%2Ftakimmaratonutoprak_bk19.pdf||target:%20_blank|&#8221;][\/vc_column][vc_column width=&#8221;1\/3&#8243;][\/vc_column][\/vc_row]<\/p>\n","protected":false},"excerpt":{"rendered":"<p>[vc_row][vc_column width=&#8221;1\/3&#8243;][\/vc_column][vc_column width=&#8221;1\/3&#8243;][vc_btn title=&#8221;5K \/ Genel Klasman &#8211; Sonu\u00e7lar&#8221; color=&#8221;primary&#8221; align=&#8221;center&#8221; i_icon_fontawesome=&#8221;fa fa-file-pdf-o&#8221; button_block=&#8221;true&#8221; add_icon=&#8221;true&#8221; link=&#8221;url:http%3A%2F%2Fbuyukadayarimaratonu.com%2Fwp-content%2Fuploads%2F2019%2F03%2F5kgenel_bk19.pdf||target:%20_blank|&#8221;][vc_btn title=&#8221;5K \/ Ya\u015f Kategorileri &#8211; Sonu\u00e7lar&#8221; color=&#8221;primary&#8221; align=&#8221;center&#8221; i_icon_fontawesome=&#8221;fa fa-file-pdf-o&#8221; button_block=&#8221;true&#8221; add_icon=&#8221;true&#8221; link=&#8221;url:http%3A%2F%2Fbuyukadayarimaratonu.com%2Fwp-content%2Fuploads%2F2019%2F03%2F5kyas_bk19.pdf||target:%20_blank|&#8221;][vc_btn title=&#8221;10K \/ Genel Klasman &#8211; Sonu\u00e7lar&#8221; color=&#8221;success&#8221; align=&#8221;center&#8221; i_icon_fontawesome=&#8221;fa fa-file-pdf-o&#8221; button_block=&#8221;true&#8221; add_icon=&#8221;true&#8221; link=&#8221;url:http%3A%2F%2Fbuyukadayarimaratonu.com%2Fwp-content%2Fuploads%2F2019%2F03%2F10kgenel_bk19.pdf||target:%20_blank|&#8221;][vc_btn title=&#8221;10K \/ Ya\u015f Kategorileri &#8211; Sonu\u00e7lar&#8221; color=&#8221;success&#8221; align=&#8221;center&#8221; i_icon_fontawesome=&#8221;fa fa-file-pdf-o&#8221; button_block=&#8221;true&#8221; add_icon=&#8221;true&#8221; link=&#8221;url:http%3A%2F%2Fbuyukadayarimaratonu.com%2Fwp-content%2Fuploads%2F2019%2F03%2F10kyas_bk19.pdf||target:%20_blank|&#8221;][vc_btn [&hellip;]<\/p>\n","protected":false},"author":1,"featured_media":0,"parent":0,"menu_order":0,"comment_status":"closed","ping_status":"closed","template":"","meta":{"ngg_post_thumbnail":0},"_links":{"self":[{"href":"https:\/\/buyukadayarimaratonu.com\/index.php\/wp-json\/wp\/v2\/pages\/501"}],"collection":[{"href":"https:\/\/buyukadayarimaratonu.com\/index.php\/wp-json\/wp\/v2\/pages"}],"about":[{"href":"https:\/\/buyukadayarimaratonu.com\/index.php\/wp-json\/wp\/v2\/types\/page"}],"author":[{"embeddable":true,"href":"https:\/\/buyukadayarimaratonu.com\/index.php\/wp-json\/wp\/v2\/users\/1"}],"replies":[{"embeddable":true,"href":"https:\/\/buyukadayarimaratonu.com\/index.php\/wp-json\/wp\/v2\/comments?post=501"}],"version-history":[{"count":1,"href":"https:\/\/buyukadayarimaratonu.com\/index.php\/wp-json\/wp\/v2\/pages\/501\/revisions"}],"predecessor-version":[{"id":5489,"href":"https:\/\/buyukadayarimaratonu.com\/index.php\/wp-json\/wp\/v2\/pages\/501\/revisions\/5489"}],"wp:attachment":[{"href":"https:\/\/buyukadayarimaratonu.com\/index.php\/wp-json\/wp\/v2\/media?parent=501"}],"curies":[{"name":"wp","href":"https:\/\/api.w.org\/{rel}","templated":true}]}}