{"id":22879,"date":"2025-12-30T17:08:04","date_gmt":"2025-12-30T14:08:04","guid":{"rendered":"https:\/\/buyukadayarimaratonu.com\/?page_id=22879"},"modified":"2025-12-30T17:08:04","modified_gmt":"2025-12-30T14:08:04","slug":"videolar","status":"publish","type":"page","link":"https:\/\/buyukadayarimaratonu.com\/index.php\/videolar\/","title":{"rendered":"Videolar"},"content":{"rendered":"<p>[vc_row][vc_column][vc_column_text]    <link href=\"https:\/\/fonts.googleapis.com\/css?family=Open+Sans:300,400,600,700,800%7CShadows+Into+Light\" rel=\"stylesheet\" type=\"text\/css\">\n    <script type='text\/javascript' src='https:\/\/ajax.googleapis.com\/ajax\/libs\/jquery\/1.11.1\/jquery.min.js'><\/script>\n    <div id=\"gallery22878\" style=\"margin:0px auto;display:none;\">                <div data-type=\"youtube\"\n                    data-title=\"Decathlon Bu\u0308yu\u0308kada Ya...\"\n                    data-description=\"\"\n                    data-thumb=\"https:\/\/i.ytimg.com\/vi\/vqms0Am3Gk4\/mqdefault.jpg\"\n                    data-image=\"https:\/\/i.ytimg.com\/vi\/vqms0Am3Gk4\/sddefault.jpg\"\n                    data-videoid=\"vqms0Am3Gk4\"><\/div>\n                            <div data-type=\"youtube\"\n                    data-title=\"Decathlon Bu\u0308yu\u0308kada Ya...\"\n                    data-description=\"\"\n                    data-thumb=\"https:\/\/i.ytimg.com\/vi\/uF7ewzEvQ-o\/mqdefault.jpg\"\n                    data-image=\"https:\/\/i.ytimg.com\/vi\/uF7ewzEvQ-o\/sddefault.jpg\"\n                    data-videoid=\"uF7ewzEvQ-o\"><\/div>\n                            <div data-type=\"youtube\"\n                    data-title=\"B\u00fcy\u00fckada Yar\u0131 Maratonu...\"\n                    data-description=\"\"\n                    data-thumb=\"https:\/\/i.ytimg.com\/vi\/57KbCIMYIZo\/mqdefault.jpg\"\n                    data-image=\"https:\/\/i.ytimg.com\/vi\/57KbCIMYIZo\/sddefault.jpg\"\n                    data-videoid=\"57KbCIMYIZo\"><\/div>\n                            <div data-type=\"youtube\"\n                    data-title=\"B\u00fcy\u00fckada Gece Ko\u015fusu 2...\"\n                    data-description=\"\"\n                    data-thumb=\"https:\/\/i.ytimg.com\/vi\/932uiGDc77g\/mqdefault.jpg\"\n                    data-image=\"https:\/\/i.ytimg.com\/vi\/932uiGDc77g\/sddefault.jpg\"\n                    data-videoid=\"932uiGDc77g\"><\/div>\n                            <div data-type=\"youtube\"\n                    data-title=\"Bu\u0308yu\u0308kada Kos\u0327usu 202...\"\n                    data-description=\"\"\n                    data-thumb=\"https:\/\/i.ytimg.com\/vi\/IEu0zRbDl6w\/mqdefault.jpg\"\n                    data-image=\"https:\/\/i.ytimg.com\/vi\/IEu0zRbDl6w\/sddefault.jpg\"\n                    data-videoid=\"IEu0zRbDl6w\"><\/div>\n                            <div data-type=\"youtube\"\n                    data-title=\"B\u00fcy\u00fckada Gece Ko\u015fusu 2...\"\n                    data-description=\"\"\n                    data-thumb=\"https:\/\/i.ytimg.com\/vi\/cLPPdbu4Dvw\/mqdefault.jpg\"\n                    data-image=\"https:\/\/i.ytimg.com\/vi\/cLPPdbu4Dvw\/sddefault.jpg\"\n                    data-videoid=\"cLPPdbu4Dvw\"><\/div>\n                            <div data-type=\"youtube\"\n                    data-title=\"B\u00fcy\u00fckada Ko\u015fusu 2019\"\n                    data-description=\"\"\n                    data-thumb=\"https:\/\/i.ytimg.com\/vi\/vqqs_K6qMXs\/mqdefault.jpg\"\n                    data-image=\"https:\/\/i.ytimg.com\/vi\/vqqs_K6qMXs\/sddefault.jpg\"\n                    data-videoid=\"vqqs_K6qMXs\"><\/div>\n            <\/div>        <script>\n            jQuery(document).ready(function() {\n                jQuery(\"#gallery22878\").unitegallery({\n                    gallery_theme: \"video\",\n                    gallery_width: 1206,\n                    gallery_height: 450,\n                    theme_autoplay: false,\n                });\n            });\n        <\/script>\n    \n[\/vc_column_text][\/vc_column][\/vc_row]<\/p>\n","protected":false},"excerpt":{"rendered":"<p>[vc_row][vc_column][vc_column_text][\/vc_column_text][\/vc_column][\/vc_row]<\/p>\n","protected":false},"author":1,"featured_media":0,"parent":0,"menu_order":0,"comment_status":"closed","ping_status":"closed","template":"","meta":{"ngg_post_thumbnail":0},"_links":{"self":[{"href":"https:\/\/buyukadayarimaratonu.com\/index.php\/wp-json\/wp\/v2\/pages\/22879"}],"collection":[{"href":"https:\/\/buyukadayarimaratonu.com\/index.php\/wp-json\/wp\/v2\/pages"}],"about":[{"href":"https:\/\/buyukadayarimaratonu.com\/index.php\/wp-json\/wp\/v2\/types\/page"}],"author":[{"embeddable":true,"href":"https:\/\/buyukadayarimaratonu.com\/index.php\/wp-json\/wp\/v2\/users\/1"}],"replies":[{"embeddable":true,"href":"https:\/\/buyukadayarimaratonu.com\/index.php\/wp-json\/wp\/v2\/comments?post=22879"}],"version-history":[{"count":1,"href":"https:\/\/buyukadayarimaratonu.com\/index.php\/wp-json\/wp\/v2\/pages\/22879\/revisions"}],"predecessor-version":[{"id":22880,"href":"https:\/\/buyukadayarimaratonu.com\/index.php\/wp-json\/wp\/v2\/pages\/22879\/revisions\/22880"}],"wp:attachment":[{"href":"https:\/\/buyukadayarimaratonu.com\/index.php\/wp-json\/wp\/v2\/media?parent=22879"}],"curies":[{"name":"wp","href":"https:\/\/api.w.org\/{rel}","templated":true}]}}