{"id":184,"date":"2018-12-26T01:09:37","date_gmt":"2018-12-25T22:09:37","guid":{"rendered":"http:\/\/buyukadayarimaratonu.com\/?page_id=184"},"modified":"2024-10-16T22:31:59","modified_gmt":"2024-10-16T19:31:59","slug":"ulasim","status":"publish","type":"page","link":"https:\/\/buyukadayarimaratonu.com\/index.php\/ulasim\/","title":{"rendered":"Ula\u015f\u0131m"},"content":{"rendered":"<p>[vc_row][vc_column][vc_column_text]<\/p>\n<p style=\"text-align: center;\">B\u00fcy\u00fckada\u2019ya ula\u015f\u0131m sadece deniz ara\u00e7lar\u0131 ile m\u00fcmk\u00fcnd\u00fcr. Kat\u0131l\u0131mc\u0131lar toplu ta\u015f\u0131ma ara\u00e7lar\u0131n\u0131 kullanarak yar\u0131\u015f alan\u0131na ula\u015fabilirler.<\/p>\n<p style=\"text-align: center;\">Vapur seferleri firmalar\u0131n uygulad\u0131\u011f\u0131 politikalara g\u00f6re farkl\u0131l\u0131k g\u00f6sterebilir, ula\u015f\u0131m planlamas\u0131 yap\u0131l\u0131rken firmalar\u0131n web sitesindeki g\u00fcncel bilgilerin kontrol edilmesi tavsiye edilir.<\/p>\n<p>[\/vc_column_text]<a href=\"https:\/\/buyukadayarimaratonu.com\/wp-content\/uploads\/2024\/10\/ulasim-vapur_seferleri_161024.pdf\" target=\"_blank\" class=\"sc_button sc_button_round sc_button_style_filled sc_button_size_small aligncenter\" style=\"width:30%;\">Ula\u015f\u0131m Bilgileri i\u00e7in T\u0131klay\u0131n<\/a>[\/vc_column][\/vc_row]<\/p>\n","protected":false},"excerpt":{"rendered":"<p>[vc_row][vc_column][vc_column_text] B\u00fcy\u00fckada\u2019ya ula\u015f\u0131m sadece deniz ara\u00e7lar\u0131 ile m\u00fcmk\u00fcnd\u00fcr. Kat\u0131l\u0131mc\u0131lar toplu ta\u015f\u0131ma ara\u00e7lar\u0131n\u0131 kullanarak yar\u0131\u015f alan\u0131na ula\u015fabilirler. Vapur seferleri firmalar\u0131n uygulad\u0131\u011f\u0131 politikalara g\u00f6re farkl\u0131l\u0131k g\u00f6sterebilir, ula\u015f\u0131m planlamas\u0131 yap\u0131l\u0131rken firmalar\u0131n web sitesindeki g\u00fcncel bilgilerin kontrol edilmesi tavsiye edilir. [\/vc_column_text][\/vc_column][\/vc_row]<\/p>\n","protected":false},"author":1,"featured_media":0,"parent":0,"menu_order":0,"comment_status":"closed","ping_status":"closed","template":"","meta":{"ngg_post_thumbnail":0},"_links":{"self":[{"href":"https:\/\/buyukadayarimaratonu.com\/index.php\/wp-json\/wp\/v2\/pages\/184"}],"collection":[{"href":"https:\/\/buyukadayarimaratonu.com\/index.php\/wp-json\/wp\/v2\/pages"}],"about":[{"href":"https:\/\/buyukadayarimaratonu.com\/index.php\/wp-json\/wp\/v2\/types\/page"}],"author":[{"embeddable":true,"href":"https:\/\/buyukadayarimaratonu.com\/index.php\/wp-json\/wp\/v2\/users\/1"}],"replies":[{"embeddable":true,"href":"https:\/\/buyukadayarimaratonu.com\/index.php\/wp-json\/wp\/v2\/comments?post=184"}],"version-history":[{"count":14,"href":"https:\/\/buyukadayarimaratonu.com\/index.php\/wp-json\/wp\/v2\/pages\/184\/revisions"}],"predecessor-version":[{"id":14399,"href":"https:\/\/buyukadayarimaratonu.com\/index.php\/wp-json\/wp\/v2\/pages\/184\/revisions\/14399"}],"wp:attachment":[{"href":"https:\/\/buyukadayarimaratonu.com\/index.php\/wp-json\/wp\/v2\/media?parent=184"}],"curies":[{"name":"wp","href":"https:\/\/api.w.org\/{rel}","templated":true}]}}