{"id":14214,"date":"2024-04-05T16:26:04","date_gmt":"2024-04-05T13:26:04","guid":{"rendered":"https:\/\/buyukadayarimaratonu.com\/?page_id=14214"},"modified":"2026-02-10T15:44:47","modified_gmt":"2026-02-10T12:44:47","slug":"sikca-sorulan-sorular","status":"publish","type":"page","link":"https:\/\/buyukadayarimaratonu.com\/index.php\/sikca-sorulan-sorular\/","title":{"rendered":"S\u0131k\u00e7a Sorulan Sorular"},"content":{"rendered":"<p>[vc_row full_width=&#8221;stretch_row&#8221; inverse=&#8221;&#8221; css=&#8221;.vc_custom_1711971700239{padding-top: 60px !important;padding-bottom: 60px !important;background-color: #e0e0e0 !important;}&#8221; el_class=&#8221;mainsocial&#8221;][vc_column][vc_empty_space][vc_tta_accordion style=&#8221;modern&#8221; color=&#8221;peacoc&#8221; active_section=&#8221;0&#8243; el_class=&#8221;home_faqacc&#8221;][vc_tta_section title=&#8221;Nas\u0131l Kay\u0131t Olabilirim?&#8221; tab_id=&#8221;1711967851061-0b50e05a-c0ad&#8221;][vc_column_text]<\/p>\n<p style=\"text-align: left;\">https:\/\/buyukadayarimaratonu.com\/kayit\/ adresinden kredi kart\u0131 se\u00e7ene\u011fi veya EFT\/Havale y\u00f6ntemi ile kay\u0131t ger\u00e7ekle\u015ftirilmektedir.<br \/>\nKay\u0131t formunun eksiksiz doldurulmas\u0131 ve kay\u0131t \u00fccretinin belirtilen \u015fekilde \u00f6denmesi gerekmektedir. \u00d6deme yap\u0131ld\u0131ktan sonra, kay\u0131t tamamlanm\u0131\u015f olacakt\u0131r. Toplu kay\u0131t yapt\u0131rmak i\u00e7in info@buyukadayarimaratonu.com adresine mail atman\u0131z gerekmektedir.<\/p>\n<p>[\/vc_column_text][\/vc_tta_section][vc_tta_section title=&#8221;Hangi Kategoriler vard\u0131r?&#8221; tab_id=&#8221;1711971218234-375eaeb2-80ad&#8221;][vc_column_text]<\/p>\n<p style=\"text-align: left;\">5K, 10K ve 21K parkurlar\u0131nda erkek ve kad\u0131nlarda kategorilerimiz bulunmaktad\u0131r.<br \/>\n\u00dc\u00e7 parkur i\u00e7in de Kad\u0131n ve Erkeklerde 18-35, 36-45, 46-55, 56+ ya\u015f kategorileri bulunmaktad\u0131r.<\/p>\n<p>[\/vc_column_text][\/vc_tta_section][vc_tta_section title=&#8221;Parkur s\u00fcreleri nedir?&#8221; tab_id=&#8221;1755099005762-cdd81527-8629&#8243;][vc_column_text]21K i\u00e7in cut-off (parkur s\u00fcresi) start saatinden itibaren 3 saattir.<br \/>\n5K \u2013 10K i\u00e7in cut-off (parkur s\u00fcresi) start saatinden itibaren 2 saattir.<\/p>\n<p>21K ba\u015flang\u0131\u00e7 saatinden 3 saat sonra parkur ara\u00e7 trafi\u011fine a\u00e7\u0131lacakt\u0131r. Bu cut-off saatinden sonra parkur \u00fczerinde sorumluluk sporcuya ait olacakt\u0131r.[\/vc_column_text][\/vc_tta_section][vc_tta_section title=&#8221;Kay\u0131t D\u00f6nemleri ve Kat\u0131l\u0131m \u00dccretleri nelerdir?&#8221; tab_id=&#8221;1711971239625-a3d71d34-3b55&#8243;][vc_column_text]<\/p>\n<p style=\"text-align: left;\">Erken Kay\u0131t D\u00f6nemi (22 Aral\u0131k 2025 \u2013 1 Mart 2026)<br \/>\n21K ve 10K : 1400 TL<br \/>\n5K : 1300 TL<br \/>\nNormal Kay\u0131t D\u00f6nemi (1 Mart 2026 \u2013 31 A\u011fustos 2026)<br \/>\n21K ve 10K : 1600 TL<br \/>\n5K : 1500 TL<br \/>\nGe\u00e7 Kay\u0131t D\u00f6nemi (1 Eyl\u00fcl 2026 \u2013 20 Eyl\u00fcl 2026)<br \/>\n21K ve 10K : 1800 TL<br \/>\n5K : 1700 TL<br \/>\n21 Eyl\u00fcl\u2019den sonra kay\u0131tlar kabul edilmeyecektir. Kat\u0131l\u0131m kontenjanlarla s\u0131n\u0131rl\u0131d\u0131r.<\/p>\n<p>[\/vc_column_text][\/vc_tta_section][vc_tta_section title=&#8221;Kontenjan S\u0131n\u0131r\u0131 Var M\u0131d\u0131r?&#8221; tab_id=&#8221;1711971275259-0adb7aba-de55&#8243;][vc_column_text]<\/p>\n<p style=\"text-align: left;\">Kontenjan s\u0131n\u0131r\u0131 3.500 ki\u015fidir. Kontenjan dolduktan sonra tarihlere bak\u0131lmaks\u0131z\u0131n kay\u0131tlar kapat\u0131l\u0131r.<br \/>\nSiz de B\u00fcy\u00fckada\u2019da yerinizi almak i\u00e7in kayd\u0131n\u0131z\u0131 vakit kaybetmeden tamamlay\u0131n.<\/p>\n<p>[\/vc_column_text][\/vc_tta_section][vc_tta_section title=&#8221;Kay\u0131t Olduktan Sonra De\u011fi\u015fiklik Yapabilir Miyim?&#8221; tab_id=&#8221;1711971295605-4eb89463-cc7d&#8221;][vc_column_text]<\/p>\n<p style=\"text-align: left;\">Kategori\/Parkur de\u011fi\u015fikli\u011fi istekleri yar\u0131\u015fman\u0131n online kay\u0131tlar\u0131 a\u00e7\u0131kken \u015fu \u015fekilde kar\u015f\u0131lan\u0131r;<br \/>\nYar\u0131\u015fma g\u00fcn\u00fcne 80 g\u00fcnden daha fazla varsa \u00fccretsiz de\u011fi\u015fiklik, 79-40 g\u00fcn aras\u0131nda de\u011fi\u015fiklik \u00fccreti i\u00e7in 90TL, 40 g\u00fcnden daha az s\u00fcrelerde 130TL de\u011fi\u015fiklik \u00fccreti al\u0131n\u0131r.<br \/>\n14 Eyl\u00fcl 2026 tarihinden sonra hi\u00e7bir \u015fekilde kategori ve parkur de\u011fi\u015fkili\u011fi yap\u0131lmayacakt\u0131r.<br \/>\nKay\u0131t \u00fccreti veya g\u00f6\u011f\u00fcs numaras\u0131 ba\u015fkas\u0131na devredilemez.<\/p>\n<p>[\/vc_column_text][\/vc_tta_section][vc_tta_section title=&#8221;Kay\u0131t \u0130ptali Yapabilir Miyim?&#8221; tab_id=&#8221;1711971322671-ea801cb6-9395&#8243;][vc_column_text]<\/p>\n<p style=\"text-align: left;\">Kay\u0131t oldu\u011funuz andan itibaren hizmet s\u00fcre\u00e7lerimiz ba\u015flad\u0131\u011f\u0131 i\u00e7in kay\u0131t iptali, ertelemesi ya da para iadesi ger\u00e7ekle\u015ftirilmeyecektir. Yar\u0131\u015fa kat\u0131lmasan\u0131z bile yar\u0131\u015f paketinizi da\u011f\u0131t\u0131m noktas\u0131ndan teslim alabileceksiniz.<\/p>\n<p>[\/vc_column_text][\/vc_tta_section][vc_tta_section title=&#8221;Kay\u0131t Hediye Edebilir Miyim?&#8221; tab_id=&#8221;1711971340947-96eac1bf-b9d1&#8243;][vc_column_text]<\/p>\n<p style=\"text-align: left;\">Ko\u015fu arkada\u015f\u0131n\u0131za https:\/\/buyukadayarimaratonu.com\/kayit\/givegift.php adresinden yar\u0131\u015f kayd\u0131 hediye ederek g\u00fczel bir s\u00fcrpriz yapabilirsiniz.<\/p>\n<p>[\/vc_column_text][\/vc_tta_section][vc_tta_section title=&#8221;Ko\u015fulara kat\u0131lmak i\u00e7in \u00f6n \u015fart var m\u0131d\u0131r?&#8221; tab_id=&#8221;1711971356469-8fbec81d-6faf&#8221;][vc_column_text]<\/p>\n<p style=\"text-align: left;\">Ko\u015fulara sa\u011fl\u0131k a\u00e7\u0131s\u0131ndan herhangi bir sak\u0131ncas\u0131 bulunmayan ve yar\u0131\u015f g\u00fcn\u00fc itibariyle 18 ya\u015f ve \u00fczeri olan ki\u015filer kat\u0131labilirler.<\/p>\n<p>[\/vc_column_text][\/vc_tta_section][vc_tta_section title=&#8221;Adaya Ula\u015f\u0131m\u0131m\u0131 Nas\u0131l Sa\u011flayabilirim?&#8221; tab_id=&#8221;1711971374568-5193bffc-ea17&#8243;][vc_column_text]<\/p>\n<p style=\"text-align: left;\">B\u00fcy\u00fckada\u2019ya ula\u015f\u0131m sadece deniz ara\u00e7lar\u0131 ile m\u00fcmk\u00fcnd\u00fcr. Kat\u0131l\u0131mc\u0131lar toplu ta\u015f\u0131ma ara\u00e7lar\u0131n\u0131 kullanarak yar\u0131\u015f alan\u0131na ula\u015fabilirler.<br \/>\nVapur seferleri firmalar\u0131n uygulad\u0131\u011f\u0131 politikalara g\u00f6re farkl\u0131l\u0131k g\u00f6sterebilir, ula\u015f\u0131m planlamas\u0131 yap\u0131l\u0131rken firmalar\u0131n web sitesindeki g\u00fcncel bilgilerin kontrol edilmesi tavsiye edilir.<\/p>\n<p>[\/vc_column_text][\/vc_tta_section][vc_tta_section title=&#8221;Nerede konaklayabilirim?&#8221; tab_id=&#8221;1711971395530-ddab8c8c-6322&#8243;][vc_column_text]<\/p>\n<p style=\"text-align: left;\">Yak\u0131n zamanda etkinli\u011fimize kat\u0131l\u0131m sa\u011flayacak sporcular i\u00e7in \u00f6zel fiyatlarla konaklayabilece\u011finiz Ada otellerini web sitemizde bulabilirsiniz.<\/p>\n<p>[\/vc_column_text][\/vc_tta_section][vc_tta_section title=&#8221;Yar\u0131\u015f Kitimi Nas\u0131l Alabilirim?&#8221; tab_id=&#8221;1711971418723-7d5f255e-6f65&#8243;][vc_column_text]<\/p>\n<div>\n<div>Kit da\u011f\u0131t\u0131m noktalar\u0131 ilerleyen bir tarihte duyurulacakt\u0131r.<\/div>\n<div>&nbsp;<\/div>\n<div>Yar\u0131\u015f kitininin bir ba\u015fkas\u0131na ald\u0131r\u0131lmak istenmesi durumunda, teslim alan ki\u015fi ve teslim ald\u0131ran ki\u015fi bu i\u015flemi kendi r\u0131zalar\u0131yla ger\u00e7ekle\u015ftirdi\u011fini ve t\u00fcm sorumlulu\u011fun kendilerine ait oldu\u011funu kabul eder.<\/div>\n<\/div>\n<p style=\"font-weight: 400;\">Kiti teslim al\u0131nacak kat\u0131l\u0131mc\u0131n\u0131n a\u015fa\u011f\u0131da yer alan evraklar\u0131, kit al\u0131m\u0131 esnas\u0131nda ekibimize teslim edilmelidir.<\/p>\n<p style=\"font-weight: 400;\">&#8211; Yar\u0131\u015fmac\u0131n\u0131n \u0131slak imzal\u0131 muvafakatnamesi &nbsp;<a href=\"https:\/\/buyukadayarimaratonu.com\/wp-content\/uploads\/2025\/09\/DBYM_Muvafakatname_2025.pdf\" target=\"_blank\" rel=\"noopener\">(Buradan indirebilirsiniz)<\/a><br \/>\n&#8211; Yar\u0131\u015fmac\u0131n\u0131n kimlik fotokopisi<br \/>\n*Kimlik fotokopisinin alt k\u0131sm\u0131nda a\u015fa\u011f\u0131daki metin yaz\u0131larak \u0131slak imzal\u0131 olarak teslim edilmelidir.<br \/>\n*Decathlon B\u00fcy\u00fckada Yar\u0131 Maratonu 2026 Ko\u015fu kitimin, burada bilgileri bulunan \u015fahs\u0131m ad\u0131na \u2026\u2026\u2026\u2026\u2026\u2026\u2026 teslim almas\u0131na muvafakat etmekteyim.<\/p>\n<p>[\/vc_column_text][\/vc_tta_section][vc_tta_section title=&#8221;Yar\u0131\u015f Sabah\u0131 Kit Da\u011f\u0131t\u0131m\u0131 Yap\u0131lacak M\u0131?&#8221; tab_id=&#8221;1755099039328-98d25a35-153c&#8221;][vc_column_text]Yar\u0131\u015f g\u00fcn\u00fc Etkinlik Alan\u0131\u2019nda ge\u00e7 kit da\u011f\u0131t\u0131m\u0131 yap\u0131lmayacakt\u0131r.[\/vc_column_text][\/vc_tta_section][vc_tta_section title=&#8221;Yar\u0131\u015f Kiti \u0130\u00e7eri\u011fi Nelerdir?&#8221; tab_id=&#8221;1711971434147-6bc9f32d-521d&#8221;][vc_column_text]<\/p>\n<p style=\"text-align: left;\">\u2013 Zaman \u00f6l\u00e7\u00fcm \u00e7ipi<br \/>\n\u2013 G\u00f6\u011f\u00fcs numaras\u0131<br \/>\n\u2013 Bez \u00e7anta<br \/>\n\u2013 Yar\u0131\u015f Ti\u015f\u00f6rt\u00fc<br \/>\n\u2013 Sponsor ikramlar\u0131<\/p>\n<p>[\/vc_column_text][\/vc_tta_section][vc_tta_section title=&#8221;Etkinlik Alan\u0131nda Emanet \u00c7ad\u0131r\u0131 Olacak M\u0131?&#8221; tab_id=&#8221;1711971449389-e32b56cf-ab9f&#8221;][vc_column_text]<\/p>\n<p style=\"text-align: left;\">Alanda emanet e\u015fya \u00e7ad\u0131r\u0131 kurulacakt\u0131r. De\u011ferli e\u015fyalar\u0131n\u0131z\u0131 getirmemeniz \u00f6nemle rica olur.<br \/>\nKaybolan e\u015fyalardan organizasyonu d\u00fczenleyen kurum ve yetkililer sorumlu de\u011fildir.<\/p>\n<p>[\/vc_column_text][\/vc_tta_section][vc_tta_section title=&#8221;Ba\u015fka sorular\u0131m var kiminle ileti\u015fime ge\u00e7meliyim?&#8221; tab_id=&#8221;1711971467690-9512e4de-9d0e&#8221;][vc_column_text]<\/p>\n<p style=\"text-align: left;\">Etkinlik ile ilgili her t\u00fcrl\u00fc sorunuz i\u00e7in info@buyukadayarimaratonu.com adresine mail atman\u0131z gerekmektedir.<\/p>\n<p>[\/vc_column_text][\/vc_tta_section][vc_tta_section title=&#8221;Etkinlik Ne Zaman Ba\u015flayacak?&#8221; tab_id=&#8221;1711971487790-e3b64cb2-01a1&#8243;][vc_column_text]<\/p>\n<p style=\"text-align: left;\">Decathlon B\u00fcy\u00fckada Yar\u0131 Maratonu 27 Eyl\u00fcl 2026 Pazar g\u00fcn\u00fc ba\u015flayacak. Ko\u015fular saat 10:00 &#8211; 10:30 aras\u0131nda ba\u015flayacakt\u0131r.<\/p>\n<p>[\/vc_column_text][\/vc_tta_section][vc_tta_section title=&#8221;Yar\u0131\u015fma Sonras\u0131 \u0130kram Olacak M\u0131?&#8221; tab_id=&#8221;1711971505318-37011443-adcf&#8221;][vc_column_text]<\/p>\n<p style=\"text-align: left;\">Yar\u0131\u015fma sonunda ge\u00e7en sene oldu\u011fu gibi finish noktas\u0131ndan sonra Adalar K\u00fclt\u00fcr Derne\u011fi kar\u015f\u0131s\u0131nda ikramlar\u0131m\u0131z\u0131 bulabilirsiniz. Parkur i\u00e7inde de s\u0131v\u0131 ve beslenme istasyonlar\u0131 sizleri bekliyor olacakt\u0131r.<\/p>\n<p>[\/vc_column_text][\/vc_tta_section][vc_tta_section title=&#8221;Yar\u0131\u015flar\u0131 Bitirenlere Madalya Verilecek Mi ?&#8221; tab_id=&#8221;1755098936356-cb97a41f-777f&#8221;][vc_column_text]<\/p>\n<div class=\"inside-content\">\n<div class=\"elementor elementor-19246\" data-elementor-type=\"wp-page\" data-elementor-id=\"19246\">\n<section class=\"elementor-section elementor-top-section elementor-element elementor-element-8d24d73 elementor-section-boxed elementor-section-height-default elementor-section-height-default\" data-id=\"8d24d73\" data-element_type=\"section\">\n<div class=\"elementor-container elementor-column-gap-default\">\n<div class=\"elementor-column elementor-col-100 elementor-top-column elementor-element elementor-element-163c12a\" data-id=\"163c12a\" data-element_type=\"column\">\n<div class=\"elementor-widget-wrap elementor-element-populated\">\n<div class=\"elementor-element elementor-element-aa31be0 elementor-widget elementor-widget-accordion\" data-id=\"aa31be0\" data-element_type=\"widget\" data-widget_type=\"accordion.default\">\n<div class=\"elementor-widget-container\">\n<div class=\"elementor-accordion\">\n<div class=\"elementor-accordion-item\">\n<div id=\"elementor-tab-content-17816\" class=\"elementor-tab-content elementor-clearfix elementor-active\" role=\"region\" data-tab=\"16\" aria-labelledby=\"elementor-tab-title-17816\">\n<p>T\u00fcm parkurlarda yar\u0131\u015fan ve ba\u015far\u0131yla bitiren kat\u0131l\u0131mc\u0131lar finisher madalyas\u0131 alabilecektir.<\/p>\n<\/div>\n<\/div>\n<\/div>\n<\/div>\n<\/div>\n<\/div>\n<\/div>\n<\/div>\n<\/section>\n<\/div>\n<\/div>\n<p>[\/vc_column_text][\/vc_tta_section][\/vc_tta_accordion][\/vc_column][\/vc_row]<\/p>\n","protected":false},"excerpt":{"rendered":"<p>[vc_row full_width=&#8221;stretch_row&#8221; inverse=&#8221;&#8221; css=&#8221;.vc_custom_1711971700239{padding-top: 60px !important;padding-bottom: 60px !important;background-color: #e0e0e0 !important;}&#8221; el_class=&#8221;mainsocial&#8221;][vc_column][vc_empty_space][vc_tta_accordion style=&#8221;modern&#8221; color=&#8221;peacoc&#8221; active_section=&#8221;0&#8243; el_class=&#8221;home_faqacc&#8221;][vc_tta_section title=&#8221;Nas\u0131l Kay\u0131t Olabilirim?&#8221; tab_id=&#8221;1711967851061-0b50e05a-c0ad&#8221;][vc_column_text] https:\/\/buyukadayarimaratonu.com\/kayit\/ adresinden kredi kart\u0131 se\u00e7ene\u011fi veya EFT\/Havale y\u00f6ntemi ile kay\u0131t ger\u00e7ekle\u015ftirilmektedir. Kay\u0131t formunun eksiksiz doldurulmas\u0131 ve kay\u0131t \u00fccretinin belirtilen \u015fekilde \u00f6denmesi gerekmektedir. \u00d6deme yap\u0131ld\u0131ktan sonra, kay\u0131t tamamlanm\u0131\u015f olacakt\u0131r. Toplu kay\u0131t yapt\u0131rmak i\u00e7in info@buyukadayarimaratonu.com adresine mail atman\u0131z [&hellip;]<\/p>\n","protected":false},"author":1,"featured_media":0,"parent":0,"menu_order":0,"comment_status":"closed","ping_status":"closed","template":"","meta":{"ngg_post_thumbnail":0},"_links":{"self":[{"href":"https:\/\/buyukadayarimaratonu.com\/index.php\/wp-json\/wp\/v2\/pages\/14214"}],"collection":[{"href":"https:\/\/buyukadayarimaratonu.com\/index.php\/wp-json\/wp\/v2\/pages"}],"about":[{"href":"https:\/\/buyukadayarimaratonu.com\/index.php\/wp-json\/wp\/v2\/types\/page"}],"author":[{"embeddable":true,"href":"https:\/\/buyukadayarimaratonu.com\/index.php\/wp-json\/wp\/v2\/users\/1"}],"replies":[{"embeddable":true,"href":"https:\/\/buyukadayarimaratonu.com\/index.php\/wp-json\/wp\/v2\/comments?post=14214"}],"version-history":[{"count":15,"href":"https:\/\/buyukadayarimaratonu.com\/index.php\/wp-json\/wp\/v2\/pages\/14214\/revisions"}],"predecessor-version":[{"id":22890,"href":"https:\/\/buyukadayarimaratonu.com\/index.php\/wp-json\/wp\/v2\/pages\/14214\/revisions\/22890"}],"wp:attachment":[{"href":"https:\/\/buyukadayarimaratonu.com\/index.php\/wp-json\/wp\/v2\/media?parent=14214"}],"curies":[{"name":"wp","href":"https:\/\/api.w.org\/{rel}","templated":true}]}}