{"id":14168,"date":"2024-03-29T13:33:01","date_gmt":"2024-03-29T10:33:01","guid":{"rendered":"https:\/\/buyukadayarimaratonu.com\/?page_id=14168"},"modified":"2024-03-29T13:33:16","modified_gmt":"2024-03-29T10:33:16","slug":"2021-sonuclar-gece-kosusu","status":"publish","type":"page","link":"https:\/\/buyukadayarimaratonu.com\/index.php\/2021-sonuclar-gece-kosusu\/","title":{"rendered":"2021 Sonu\u00e7lar (Gece Ko\u015fusu)"},"content":{"rendered":"<p>[vc_row][vc_column width=&#8221;1\/3&#8243;][\/vc_column][vc_column width=&#8221;1\/3&#8243;][vc_btn title=&#8221;5.5K 11.1K 22.2K \/ Kesin Sonu\u00e7lar&#8221; color=&#8221;success&#8221; align=&#8221;center&#8221; i_icon_fontawesome=&#8221;fa fa-file-pdf-o&#8221; button_block=&#8221;true&#8221; add_icon=&#8221;true&#8221; link=&#8221;url:https%3A%2F%2Fmerbespor.com%2Fresults%2FG-Live%2Fg-live.html%3Ff%3D..%2Fbuyukada2021%2FBuyukada_Gece_Kosusu.clax||target:%20_blank|&#8221;][vc_btn title=&#8221;P\u00fcrsu Etab\u0131 Sonu\u00e7lar\u0131&#8221; color=&#8221;primary&#8221; align=&#8221;center&#8221; i_icon_fontawesome=&#8221;fa fa-file-pdf-o&#8221; button_block=&#8221;true&#8221; add_icon=&#8221;true&#8221; link=&#8221;url:https%3A%2F%2Fbuyukadagecekosusu.com%2Fwp-content%2Fuploads%2F2021%2F07%2FBuyukada-Kosusu-Pursu-Etabi.pdf||target:%20_blank|&#8221;][vc_column_text][\/vc_column_text][\/vc_column][vc_column width=&#8221;1\/3&#8243;][\/vc_column][\/vc_row]<\/p>\n","protected":false},"excerpt":{"rendered":"<p>[vc_row][vc_column width=&#8221;1\/3&#8243;][\/vc_column][vc_column width=&#8221;1\/3&#8243;][vc_btn title=&#8221;5.5K 11.1K 22.2K \/ Kesin Sonu\u00e7lar&#8221; color=&#8221;success&#8221; align=&#8221;center&#8221; i_icon_fontawesome=&#8221;fa fa-file-pdf-o&#8221; button_block=&#8221;true&#8221; add_icon=&#8221;true&#8221; link=&#8221;url:https%3A%2F%2Fmerbespor.com%2Fresults%2FG-Live%2Fg-live.html%3Ff%3D..%2Fbuyukada2021%2FBuyukada_Gece_Kosusu.clax||target:%20_blank|&#8221;][vc_btn title=&#8221;P\u00fcrsu Etab\u0131 Sonu\u00e7lar\u0131&#8221; color=&#8221;primary&#8221; align=&#8221;center&#8221; i_icon_fontawesome=&#8221;fa fa-file-pdf-o&#8221; button_block=&#8221;true&#8221; add_icon=&#8221;true&#8221; link=&#8221;url:https%3A%2F%2Fbuyukadagecekosusu.com%2Fwp-content%2Fuploads%2F2021%2F07%2FBuyukada-Kosusu-Pursu-Etabi.pdf||target:%20_blank|&#8221;][vc_column_text][\/vc_column_text][\/vc_column][vc_column width=&#8221;1\/3&#8243;][\/vc_column][\/vc_row]<\/p>\n","protected":false},"author":1,"featured_media":0,"parent":0,"menu_order":0,"comment_status":"closed","ping_status":"closed","template":"","meta":{"ngg_post_thumbnail":0},"_links":{"self":[{"href":"https:\/\/buyukadayarimaratonu.com\/index.php\/wp-json\/wp\/v2\/pages\/14168"}],"collection":[{"href":"https:\/\/buyukadayarimaratonu.com\/index.php\/wp-json\/wp\/v2\/pages"}],"about":[{"href":"https:\/\/buyukadayarimaratonu.com\/index.php\/wp-json\/wp\/v2\/types\/page"}],"author":[{"embeddable":true,"href":"https:\/\/buyukadayarimaratonu.com\/index.php\/wp-json\/wp\/v2\/users\/1"}],"replies":[{"embeddable":true,"href":"https:\/\/buyukadayarimaratonu.com\/index.php\/wp-json\/wp\/v2\/comments?post=14168"}],"version-history":[{"count":1,"href":"https:\/\/buyukadayarimaratonu.com\/index.php\/wp-json\/wp\/v2\/pages\/14168\/revisions"}],"predecessor-version":[{"id":14169,"href":"https:\/\/buyukadayarimaratonu.com\/index.php\/wp-json\/wp\/v2\/pages\/14168\/revisions\/14169"}],"wp:attachment":[{"href":"https:\/\/buyukadayarimaratonu.com\/index.php\/wp-json\/wp\/v2\/media?parent=14168"}],"curies":[{"name":"wp","href":"https:\/\/api.w.org\/{rel}","templated":true}]}}