{"id":14153,"date":"2024-03-29T13:00:32","date_gmt":"2024-03-29T10:00:32","guid":{"rendered":"https:\/\/buyukadayarimaratonu.com\/?page_id=14153"},"modified":"2024-09-15T23:31:45","modified_gmt":"2024-09-15T20:31:45","slug":"adalar-kultur-dernegi","status":"publish","type":"page","link":"https:\/\/buyukadayarimaratonu.com\/index.php\/adalar-kultur-dernegi\/","title":{"rendered":"Adalar K\u00fclt\u00fcr Derne\u011fi"},"content":{"rendered":"<p>[vc_row full_width=&#8221;stretch_row&#8221; css=&#8221;.vc_custom_1540802078977{padding-top: 7.6rem !important;padding-bottom: 7.6rem !important;background-color: #3c5044 !important;}&#8221;][vc_column][vc_single_image image=&#8221;52&#8243; img_size=&#8221;219&#215;200&#8243; alignment=&#8221;center&#8221; onclick=&#8221;custom_link&#8221; img_link_target=&#8221;_blank&#8221; css=&#8221;.vc_custom_1550584959530{margin-top: 15px !important;margin-bottom: 15px !important;}&#8221; link=&#8221;https:\/\/www.buyukada.org\/&#8221;][vc_column_text]<\/p>\n<p style=\"text-align: center;\"><span style=\"color: #ffffff;\">1994 y\u0131l\u0131nda kurulan Adalar K\u00fclt\u00fcr Derne\u011fi, her sene yapt\u0131\u011f\u0131 faaliyetlerle her ya\u015ftan Adal\u0131lara g\u00f6n\u00fcll\u00fc olarak hizmet vermektedir.<\/span><\/p>\n<p style=\"text-align: center;\"><span style=\"color: #ffffff;\">Adalar\u02bcda halk\u0131n i\u00e7inden \u00e7\u0131km\u0131\u015f ger\u00e7ek bir sivil toplum kurulu\u015fu olarak Adalar K\u00fclt\u00fcr Derne\u011fi, bug\u00fcn geldi\u011fi noktada yay\u0131nlad\u0131\u011f\u0131 Adalarla ilgili kitaplar, uygulad\u0131\u011f\u0131 projeler, yapt\u0131\u011f\u0131 k\u00fclt\u00fcr -sanat faaliyetleri ve \u00e7evre \u00e7al\u0131\u015fmalar\u0131, k\u0131\u015f aylar\u0131nda d\u00fczenledi\u011fi k\u00fclt\u00fcr gezileri ile Adalar\u2019\u0131n sosyal hayat\u0131nda kendine \u00f6nemli bir yer edinmi\u015ftir.<\/span><\/p>\n<p>[\/vc_column_text][\/vc_column][\/vc_row]<\/p>\n","protected":false},"excerpt":{"rendered":"<p>[vc_row full_width=&#8221;stretch_row&#8221; css=&#8221;.vc_custom_1540802078977{padding-top: 7.6rem !important;padding-bottom: 7.6rem !important;background-color: #3c5044 !important;}&#8221;][vc_column][vc_single_image image=&#8221;52&#8243; img_size=&#8221;219&#215;200&#8243; alignment=&#8221;center&#8221; onclick=&#8221;custom_link&#8221; img_link_target=&#8221;_blank&#8221; css=&#8221;.vc_custom_1550584959530{margin-top: 15px !important;margin-bottom: 15px !important;}&#8221; link=&#8221;https:\/\/www.buyukada.org\/&#8221;][vc_column_text] 1994 y\u0131l\u0131nda kurulan Adalar K\u00fclt\u00fcr Derne\u011fi, her sene yapt\u0131\u011f\u0131 faaliyetlerle her ya\u015ftan Adal\u0131lara g\u00f6n\u00fcll\u00fc olarak hizmet vermektedir. Adalar\u02bcda halk\u0131n i\u00e7inden \u00e7\u0131km\u0131\u015f ger\u00e7ek bir sivil toplum kurulu\u015fu olarak Adalar K\u00fclt\u00fcr Derne\u011fi, bug\u00fcn geldi\u011fi noktada yay\u0131nlad\u0131\u011f\u0131 Adalarla [&hellip;]<\/p>\n","protected":false},"author":1,"featured_media":0,"parent":0,"menu_order":0,"comment_status":"closed","ping_status":"closed","template":"","meta":{"ngg_post_thumbnail":0},"_links":{"self":[{"href":"https:\/\/buyukadayarimaratonu.com\/index.php\/wp-json\/wp\/v2\/pages\/14153"}],"collection":[{"href":"https:\/\/buyukadayarimaratonu.com\/index.php\/wp-json\/wp\/v2\/pages"}],"about":[{"href":"https:\/\/buyukadayarimaratonu.com\/index.php\/wp-json\/wp\/v2\/types\/page"}],"author":[{"embeddable":true,"href":"https:\/\/buyukadayarimaratonu.com\/index.php\/wp-json\/wp\/v2\/users\/1"}],"replies":[{"embeddable":true,"href":"https:\/\/buyukadayarimaratonu.com\/index.php\/wp-json\/wp\/v2\/comments?post=14153"}],"version-history":[{"count":4,"href":"https:\/\/buyukadayarimaratonu.com\/index.php\/wp-json\/wp\/v2\/pages\/14153\/revisions"}],"predecessor-version":[{"id":14318,"href":"https:\/\/buyukadayarimaratonu.com\/index.php\/wp-json\/wp\/v2\/pages\/14153\/revisions\/14318"}],"wp:attachment":[{"href":"https:\/\/buyukadayarimaratonu.com\/index.php\/wp-json\/wp\/v2\/media?parent=14153"}],"curies":[{"name":"wp","href":"https:\/\/api.w.org\/{rel}","templated":true}]}}