{"id":10,"date":"2018-10-29T10:47:53","date_gmt":"2018-10-29T07:47:53","guid":{"rendered":"http:\/\/buyukadayarimaratonu.com\/?page_id=10"},"modified":"2024-07-05T14:29:24","modified_gmt":"2024-07-05T11:29:24","slug":"iletisim","status":"publish","type":"page","link":"https:\/\/buyukadayarimaratonu.com\/index.php\/iletisim\/","title":{"rendered":"\u0130leti\u015fim"},"content":{"rendered":"<p>[vc_row css=&#8221;.vc_custom_1540799931546{margin-top: 5.6rem !important;margin-bottom: 5.6rem !important;}&#8221;][vc_column width=&#8221;1\/2&#8243;]<h3 class=\"sc_title sc_title_regular\">B\u0130ZE YAZIN<\/h3>[vc_separator][vc_empty_space]<div role=\"form\" class=\"wpcf7\" id=\"wpcf7-f14296-o1\" lang=\"tr-TR\" dir=\"ltr\">\n<div class=\"screen-reader-response\"><\/div>\n<form action=\"\/index.php\/wp-json\/wp\/v2\/pages\/10#wpcf7-f14296-o1\" method=\"post\" class=\"wpcf7-form\" novalidate=\"novalidate\">\n<div style=\"display: none;\">\n<input type=\"hidden\" name=\"_wpcf7\" value=\"14296\" \/>\n<input type=\"hidden\" name=\"_wpcf7_version\" value=\"5.1.4\" \/>\n<input type=\"hidden\" name=\"_wpcf7_locale\" value=\"tr_TR\" \/>\n<input type=\"hidden\" name=\"_wpcf7_unit_tag\" value=\"wpcf7-f14296-o1\" \/>\n<input type=\"hidden\" name=\"_wpcf7_container_post\" value=\"0\" \/>\n<\/div>\n<p><label style=\"font-weight:bold;\">Ad\u0131n\u0131z*<br \/>\n    <span class=\"wpcf7-form-control-wrap your-name\"><input type=\"text\" name=\"your-name\" value=\"\" size=\"40\" class=\"wpcf7-form-control wpcf7-text wpcf7-validates-as-required\" aria-required=\"true\" aria-invalid=\"false\" \/><\/span> <\/label><\/p>\n<p><label style=\"font-weight:bold;\">E-posta adresiniz*<br \/>\n    <span class=\"wpcf7-form-control-wrap your-email\"><input type=\"email\" name=\"your-email\" value=\"\" size=\"40\" class=\"wpcf7-form-control wpcf7-text wpcf7-email wpcf7-validates-as-required wpcf7-validates-as-email\" aria-required=\"true\" aria-invalid=\"false\" \/><\/span> <\/label><\/p>\n<p><label style=\"font-weight:bold;\">Mesaj\u0131n\u0131z<br \/>\n    <span class=\"wpcf7-form-control-wrap your-message\"><textarea name=\"your-message\" cols=\"40\" rows=\"10\" class=\"wpcf7-form-control wpcf7-textarea\" aria-invalid=\"false\"><\/textarea><\/span> <\/label><\/p>\n<p><input type=\"submit\" value=\"G\u00f6nder\" class=\"wpcf7-form-control wpcf7-submit\" \/><\/p>\n<div class=\"wpcf7-response-output wpcf7-display-none\"><\/div><\/form><\/div>[\/vc_column][vc_column width=&#8221;1\/2&#8243;]<h3 class=\"sc_title sc_title_regular\">B\u0130ZE ULA\u015eIN<\/h3>[vc_separator][vc_empty_space][vc_column_text]<\/p>\n<div class=\"sc_form_address_field\"><strong><span class=\"sc_form_address_label\">Adres: <\/span><\/strong><span class=\"sc_form_address_data\">H\u00fcseyina\u011fa Mahallesi \u0130stiklal Caddesi Grandpera Blok No:56-58\/5, Beyo\u011flu, \u0130stanbul<\/span><\/div>\n<div class=\"sc_form_address_field\"><strong><span class=\"sc_form_address_label\">Telefon: <\/span><\/strong><span class=\"sc_form_address_data\">+90 212 243 27 67<\/span><\/div>\n<div class=\"sc_form_address_field\"><strong><span class=\"sc_form_address_label\">E-mail: <\/span><\/strong><span class=\"sc_form_address_data\">info@buyukadayarimaratonu.com<\/span><\/div>\n<p>[\/vc_column_text][\/vc_column][\/vc_row]<\/p>\n","protected":false},"excerpt":{"rendered":"<p>[vc_row css=&#8221;.vc_custom_1540799931546{margin-top: 5.6rem !important;margin-bottom: 5.6rem !important;}&#8221;][vc_column width=&#8221;1\/2&#8243;][vc_separator][vc_empty_space][\/vc_column][vc_column width=&#8221;1\/2&#8243;][vc_separator][vc_empty_space][vc_column_text] Adres: H\u00fcseyina\u011fa Mahallesi \u0130stiklal Caddesi Grandpera Blok No:56-58\/5, Beyo\u011flu, \u0130stanbul Telefon: +90 212 243 27 67 E-mail: info@buyukadayarimaratonu.com [\/vc_column_text][\/vc_column][\/vc_row]<\/p>\n","protected":false},"author":1,"featured_media":0,"parent":0,"menu_order":0,"comment_status":"closed","ping_status":"closed","template":"","meta":{"ngg_post_thumbnail":0},"_links":{"self":[{"href":"https:\/\/buyukadayarimaratonu.com\/index.php\/wp-json\/wp\/v2\/pages\/10"}],"collection":[{"href":"https:\/\/buyukadayarimaratonu.com\/index.php\/wp-json\/wp\/v2\/pages"}],"about":[{"href":"https:\/\/buyukadayarimaratonu.com\/index.php\/wp-json\/wp\/v2\/types\/page"}],"author":[{"embeddable":true,"href":"https:\/\/buyukadayarimaratonu.com\/index.php\/wp-json\/wp\/v2\/users\/1"}],"replies":[{"embeddable":true,"href":"https:\/\/buyukadayarimaratonu.com\/index.php\/wp-json\/wp\/v2\/comments?post=10"}],"version-history":[{"count":3,"href":"https:\/\/buyukadayarimaratonu.com\/index.php\/wp-json\/wp\/v2\/pages\/10\/revisions"}],"predecessor-version":[{"id":14298,"href":"https:\/\/buyukadayarimaratonu.com\/index.php\/wp-json\/wp\/v2\/pages\/10\/revisions\/14298"}],"wp:attachment":[{"href":"https:\/\/buyukadayarimaratonu.com\/index.php\/wp-json\/wp\/v2\/media?parent=10"}],"curies":[{"name":"wp","href":"https:\/\/api.w.org\/{rel}","templated":true}]}}