{"id":237,"date":"2019-01-26T04:20:34","date_gmt":"2019-01-26T01:20:34","guid":{"rendered":"http:\/\/buyukadayarimaratonu.com\/?page_id=237"},"modified":"2025-12-08T14:55:57","modified_gmt":"2025-12-08T11:55:57","slug":"hotels","status":"publish","type":"page","link":"https:\/\/buyukadayarimaratonu.com\/en\/index.php\/hotels\/","title":{"rendered":"Hotels"},"content":{"rendered":"<p>[vc_row][vc_column]<h5 class=\"sc_title sc_title_regular\"><\/p>\n<p style=\"text-align: center;\">Take advantage of the accommodation opportunities of our contracted hotels for the 19 October Decathlon Buyukada Half Marathon. You will be able to find our contracted hotels on this page in the future.<\/p>\n<p><\/h5>[vc_raw_html]JTNDc3R5bGUlMjB0eXBlJTNEJTIydGV4dCUyRmNzcyUyMiUzRSUwQS5oaWRlLXJvdyUyMCU3QiUwQWRpc3BsYXklM0Fub25lJTIxaW1wb3J0YW50JTNCJTBBJTdEJTBBJTNDJTJGc3R5bGUlM0U=[\/vc_raw_html][\/vc_column][\/vc_row][vc_row gap=&#8221;5&#8243; full_height=&#8221;yes&#8221; equal_height=&#8221;yes&#8221; inverse=&#8221;&#8221; el_class=&#8221;same-height-row hide-row&#8221;][vc_column css=&#8221;.vc_custom_1642537004445{background-color: #e2e2e2 !important;}&#8221;][vc_column_text]<a href=\"http:\/\/www.anadolukulubu.com\/\" target=\"_blank\" rel=\"noopener noreferrer\"><img loading=\"lazy\" class=\"aligncenter wp-image-210 size-full\" src=\"http:\/\/buyukadayarimaratonu.com\/wp-content\/uploads\/2019\/01\/logo_anadolukulubu.png\" alt=\"\" width=\"220\" height=\"120\"><\/a>[\/vc_column_text][vc_empty_space height=&#8221;28px&#8221;][vc_separator color=&#8221;juicy_pink&#8221; style=&#8221;shadow&#8221; border_width=&#8221;2&#8243;][vc_empty_space height=&#8221;28px&#8221;][vc_column_text]<\/p>\n<p style=\"text-align: center;\">A special early breakfast will be provided for athletes before the Decathlon B\u00fcy\u00fckada Half Marathon.<br \/>\nYou can make a late check-out after the Decathlon B\u00fcy\u00fckada Half Marathon. (Before 14:00)<br \/>\nYou can visit the online reservation address for available room options and prices.<\/p>\n<p>[\/vc_column_text][vc_empty_space][vc_btn title=&#8221;All Rooms are Full&#8221; color=&#8221;info&#8221; align=&#8221;center&#8221; link=&#8221;url:%23|||&#8221;][\/vc_column][\/vc_row]<\/p>\n","protected":false},"excerpt":{"rendered":"<p>[vc_row][vc_column][vc_raw_html]JTNDc3R5bGUlMjB0eXBlJTNEJTIydGV4dCUyRmNzcyUyMiUzRSUwQS5oaWRlLXJvdyUyMCU3QiUwQWRpc3BsYXklM0Fub25lJTIxaW1wb3J0YW50JTNCJTBBJTdEJTBBJTNDJTJGc3R5bGUlM0U=[\/vc_raw_html][\/vc_column][\/vc_row][vc_row gap=&#8221;5&#8243; full_height=&#8221;yes&#8221; equal_height=&#8221;yes&#8221; inverse=&#8221;&#8221; el_class=&#8221;same-height-row hide-row&#8221;][vc_column css=&#8221;.vc_custom_1642537004445{background-color: #e2e2e2 !important;}&#8221;][vc_column_text][\/vc_column_text][vc_empty_space height=&#8221;28px&#8221;][vc_separator color=&#8221;juicy_pink&#8221; style=&#8221;shadow&#8221; border_width=&#8221;2&#8243;][vc_empty_space height=&#8221;28px&#8221;][vc_column_text] A special early breakfast will be provided for athletes before the Decathlon B\u00fcy\u00fckada Half Marathon. You can make a late check-out after the Decathlon B\u00fcy\u00fckada Half Marathon. (Before 14:00) You can visit the online reservation address for available room options [&hellip;]<\/p>\n","protected":false},"author":1,"featured_media":0,"parent":0,"menu_order":0,"comment_status":"closed","ping_status":"closed","template":"","meta":{"ngg_post_thumbnail":0},"_links":{"self":[{"href":"https:\/\/buyukadayarimaratonu.com\/en\/index.php\/wp-json\/wp\/v2\/pages\/237\/"}],"collection":[{"href":"https:\/\/buyukadayarimaratonu.com\/en\/index.php\/wp-json\/wp\/v2\/pages\/"}],"about":[{"href":"https:\/\/buyukadayarimaratonu.com\/en\/index.php\/wp-json\/wp\/v2\/types\/page\/"}],"author":[{"embeddable":true,"href":"https:\/\/buyukadayarimaratonu.com\/en\/index.php\/wp-json\/wp\/v2\/users\/1\/"}],"replies":[{"embeddable":true,"href":"https:\/\/buyukadayarimaratonu.com\/en\/index.php\/wp-json\/wp\/v2\/comments\/?post=237"}],"version-history":[{"count":14,"href":"https:\/\/buyukadayarimaratonu.com\/en\/index.php\/wp-json\/wp\/v2\/pages\/237\/revisions\/"}],"predecessor-version":[{"id":22863,"href":"https:\/\/buyukadayarimaratonu.com\/en\/index.php\/wp-json\/wp\/v2\/pages\/237\/revisions\/22863\/"}],"wp:attachment":[{"href":"https:\/\/buyukadayarimaratonu.com\/en\/index.php\/wp-json\/wp\/v2\/media\/?parent=237"}],"curies":[{"name":"wp","href":"https:\/\/api.w.org\/{rel}","templated":true}]}}