{"id":14248,"date":"2024-04-16T17:20:50","date_gmt":"2024-04-16T14:20:50","guid":{"rendered":"https:\/\/buyukadayarimaratonu.com\/?page_id=14248"},"modified":"2024-09-15T23:32:27","modified_gmt":"2024-09-15T20:32:27","slug":"adalar-kultur-dernegi","status":"publish","type":"page","link":"https:\/\/buyukadayarimaratonu.com\/en\/index.php\/adalar-kultur-dernegi\/","title":{"rendered":"Adalar K\u00fclt\u00fcr Derne\u011fi"},"content":{"rendered":"<p>[vc_row full_width=&#8221;stretch_row&#8221; css=&#8221;.vc_custom_1540802078977{padding-top: 7.6rem !important;padding-bottom: 7.6rem !important;background-color: #3c5044 !important;}&#8221;][vc_column][vc_single_image image=&#8221;52&#8243; img_size=&#8221;219&#215;200&#8243; alignment=&#8221;center&#8221; onclick=&#8221;custom_link&#8221; img_link_target=&#8221;_blank&#8221; css=&#8221;.vc_custom_1550584959530{margin-top: 15px !important;margin-bottom: 15px !important;}&#8221; link=&#8221;https:\/\/www.buyukada.org\/&#8221;][vc_column_text]<\/p>\n<p style=\"text-align: center;\"><span style=\"color: #ffffff;\">Founded in 1994, Adalar K\u00fclt\u00fcr Derne\u011fi provides voluntary service to islanders of all ages with its activities every year.<\/span><\/p>\n<p style=\"text-align: center;\"><span style=\"color: #ffffff;\">As a genuine civil society organization that emerged from the people of the Islands, the Adalar K\u00fclt\u00fcr Derne\u011fi has gained an important place in the social life of the Islands with the books it publishes about the Islands, the projects it implements, the cultural and artistic activities and environmental studies it carries out, and the cultural tours it organizes during the winter months.<\/span><\/p>\n<p>[\/vc_column_text][\/vc_column][\/vc_row]<\/p>\n","protected":false},"excerpt":{"rendered":"<p>[vc_row full_width=&#8221;stretch_row&#8221; css=&#8221;.vc_custom_1540802078977{padding-top: 7.6rem !important;padding-bottom: 7.6rem !important;background-color: #3c5044 !important;}&#8221;][vc_column][vc_single_image image=&#8221;52&#8243; img_size=&#8221;219&#215;200&#8243; alignment=&#8221;center&#8221; onclick=&#8221;custom_link&#8221; img_link_target=&#8221;_blank&#8221; css=&#8221;.vc_custom_1550584959530{margin-top: 15px !important;margin-bottom: 15px !important;}&#8221; link=&#8221;https:\/\/www.buyukada.org\/&#8221;][vc_column_text] Founded in 1994, Adalar K\u00fclt\u00fcr Derne\u011fi provides voluntary service to islanders of all ages with its activities every year. As a genuine civil society organization that emerged from the people of the Islands, the Adalar [&hellip;]<\/p>\n","protected":false},"author":1,"featured_media":0,"parent":0,"menu_order":0,"comment_status":"closed","ping_status":"closed","template":"","meta":{"ngg_post_thumbnail":0},"_links":{"self":[{"href":"https:\/\/buyukadayarimaratonu.com\/en\/index.php\/wp-json\/wp\/v2\/pages\/14248\/"}],"collection":[{"href":"https:\/\/buyukadayarimaratonu.com\/en\/index.php\/wp-json\/wp\/v2\/pages\/"}],"about":[{"href":"https:\/\/buyukadayarimaratonu.com\/en\/index.php\/wp-json\/wp\/v2\/types\/page\/"}],"author":[{"embeddable":true,"href":"https:\/\/buyukadayarimaratonu.com\/en\/index.php\/wp-json\/wp\/v2\/users\/1\/"}],"replies":[{"embeddable":true,"href":"https:\/\/buyukadayarimaratonu.com\/en\/index.php\/wp-json\/wp\/v2\/comments\/?post=14248"}],"version-history":[{"count":4,"href":"https:\/\/buyukadayarimaratonu.com\/en\/index.php\/wp-json\/wp\/v2\/pages\/14248\/revisions\/"}],"predecessor-version":[{"id":14319,"href":"https:\/\/buyukadayarimaratonu.com\/en\/index.php\/wp-json\/wp\/v2\/pages\/14248\/revisions\/14319\/"}],"wp:attachment":[{"href":"https:\/\/buyukadayarimaratonu.com\/en\/index.php\/wp-json\/wp\/v2\/media\/?parent=14248"}],"curies":[{"name":"wp","href":"https:\/\/api.w.org\/{rel}","templated":true}]}}