{"id":10619,"date":"2023-01-23T19:00:34","date_gmt":"2023-01-23T16:00:34","guid":{"rendered":"https:\/\/buyukadayarimaratonu.com\/?page_id=10619"},"modified":"2025-12-09T18:54:46","modified_gmt":"2025-12-09T15:54:46","slug":"foreign-runner-registration","status":"publish","type":"page","link":"https:\/\/buyukadayarimaratonu.com\/en\/index.php\/foreign-runner-registration\/","title":{"rendered":"Foreign Runner Registration"},"content":{"rendered":"<p>[vc_row][vc_column][vc_single_image image=&#8221;17753&#8243; img_size=&#8221;275&#215;35&#8243; alignment=&#8221;center&#8221;][vc_empty_space][vc_column_text]<\/p>\n<p style=\"text-align: center;\">Decathlon B\u00fcy\u00fckada Half Marathon will be held in the magical beauties of B\u00fcy\u00fckada on September 27, 2026. Foreign national participants must click on the &#8216;Register&#8217; button to complete their registration for the race. Eventigo, as the official tourism agency of Decathlon B\u00fcy\u00fckada Half Marathon 2026, is the official affiliate of Decathlon B\u00fcy\u00fckada Half Marathon in all registration procedures of foreign participants.<\/p>\n<p>[\/vc_column_text][vc_empty_space][vc_row_inner][vc_column_inner width=&#8221;1\/4&#8243;][\/vc_column_inner][vc_column_inner width=&#8221;1\/2&#8243;][vc_btn title=&#8221;Register with a foreigner identification number of the Republic of Turkey&#8221; color=&#8221;info&#8221; align=&#8221;center&#8221; button_block=&#8221;true&#8221; link=&#8221;url:https%3A%2F%2Fbuyukadayarimaratonu.com%2Fkayit%2F%3FselectLang%3Den||target:%20_blank|&#8221;][vc_separator color=&#8221;mulled_wine&#8221; border_width=&#8221;2&#8243; css=&#8221;.vc_custom_1652646737078{margin-top: 10px !important;margin-bottom: 25px !important;}&#8221;][vc_btn title=&#8221;Register With Passport Number&#8221; color=&#8221;mulled-wine&#8221; align=&#8221;center&#8221; button_block=&#8221;true&#8221; link=&#8221;url:https%3A%2F%2Fwww.eventigo.tr%2Fdecathlon-international-prince-s-island-half-marathon-2026||target:%20_blank|&#8221;][vc_empty_space][\/vc_column_inner][vc_column_inner width=&#8221;1\/4&#8243;][\/vc_column_inner][\/vc_row_inner][\/vc_column][\/vc_row]<\/p>\n","protected":false},"excerpt":{"rendered":"<p>[vc_row][vc_column][vc_single_image image=&#8221;17753&#8243; img_size=&#8221;275&#215;35&#8243; alignment=&#8221;center&#8221;][vc_empty_space][vc_column_text] Decathlon B\u00fcy\u00fckada Half Marathon will be held in the magical beauties of B\u00fcy\u00fckada on September 27, 2026. Foreign national participants must click on the &#8216;Register&#8217; button to complete their registration for the race. Eventigo, as the official tourism agency of Decathlon B\u00fcy\u00fckada Half Marathon 2026, is the official affiliate of Decathlon [&hellip;]<\/p>\n","protected":false},"author":1,"featured_media":0,"parent":0,"menu_order":0,"comment_status":"closed","ping_status":"closed","template":"","meta":{"ngg_post_thumbnail":0},"_links":{"self":[{"href":"https:\/\/buyukadayarimaratonu.com\/en\/index.php\/wp-json\/wp\/v2\/pages\/10619\/"}],"collection":[{"href":"https:\/\/buyukadayarimaratonu.com\/en\/index.php\/wp-json\/wp\/v2\/pages\/"}],"about":[{"href":"https:\/\/buyukadayarimaratonu.com\/en\/index.php\/wp-json\/wp\/v2\/types\/page\/"}],"author":[{"embeddable":true,"href":"https:\/\/buyukadayarimaratonu.com\/en\/index.php\/wp-json\/wp\/v2\/users\/1\/"}],"replies":[{"embeddable":true,"href":"https:\/\/buyukadayarimaratonu.com\/en\/index.php\/wp-json\/wp\/v2\/comments\/?post=10619"}],"version-history":[{"count":11,"href":"https:\/\/buyukadayarimaratonu.com\/en\/index.php\/wp-json\/wp\/v2\/pages\/10619\/revisions\/"}],"predecessor-version":[{"id":22866,"href":"https:\/\/buyukadayarimaratonu.com\/en\/index.php\/wp-json\/wp\/v2\/pages\/10619\/revisions\/22866\/"}],"wp:attachment":[{"href":"https:\/\/buyukadayarimaratonu.com\/en\/index.php\/wp-json\/wp\/v2\/media\/?parent=10619"}],"curies":[{"name":"wp","href":"https:\/\/api.w.org\/{rel}","templated":true}]}}